{"id":2567,"date":"2019-03-20T16:32:05","date_gmt":"2019-03-20T15:32:05","guid":{"rendered":"https:\/\/www.porkpoultryexpo.nl\/besucher\/warum-besuchen\/"},"modified":"2025-03-04T16:15:25","modified_gmt":"2025-03-04T15:15:25","slug":"warum-besuchen","status":"publish","type":"page","link":"https:\/\/www.porkpoultryexpo.nl\/de\/besucher\/warum-besuchen\/","title":{"rendered":"Warum besuchen?"},"content":{"rendered":"\t\t<div data-elementor-type=\"wp-post\" data-elementor-id=\"2567\" class=\"elementor elementor-2567 elementor-1684\" data-elementor-post-type=\"page\">\n\t\t\t\t\t\t<section class=\"elementor-section elementor-top-section elementor-element elementor-element-be7a5f7 elementor-section-boxed elementor-section-height-default elementor-section-height-default\" data-id=\"be7a5f7\" data-element_type=\"section\">\n\t\t\t\t\t\t<div class=\"elementor-container elementor-column-gap-default\">\n\t\t\t\t\t<div class=\"elementor-column elementor-col-100 elementor-top-column elementor-element elementor-element-5473b13\" data-id=\"5473b13\" data-element_type=\"column\">\n\t\t\t<div class=\"elementor-widget-wrap elementor-element-populated\">\n\t\t\t\t\t\t<div class=\"elementor-element elementor-element-957c9c8 elementor-widget elementor-widget-heading\" data-id=\"957c9c8\" data-element_type=\"widget\" data-widget_type=\"heading.default\">\n\t\t\t\t<div class=\"elementor-widget-container\">\n\t\t\t\t\t<h2 class=\"elementor-heading-title elementor-size-default\">Bereiten Sie sich auf die Zukunft vor<\/h2>\t\t\t\t<\/div>\n\t\t\t\t<\/div>\n\t\t\t\t<div class=\"elementor-element elementor-element-8b51f4d elementor-widget elementor-widget-text-editor\" data-id=\"8b51f4d\" data-element_type=\"widget\" data-widget_type=\"text-editor.default\">\n\t\t\t\t<div class=\"elementor-widget-container\">\n\t\t\t\t\t\t\t\t\t<p>Die Dutch Pork &amp; Poultry Expo ist die Fachveranstaltung f\u00fcr die Schweine- und Gefl\u00fcgelbranche. Sie werden das ganze Jahr \u00fcber \u00fcber aktuelle Nachrichten und aktuelle Ereignisse aus den Branchen informiert. Die Dutch Pork &amp; Poultry Expo bietet Ihnen die M\u00f6glichkeit, mit Experten, Lieferanten, Wissenspartnern und Kollegen aus der Schweine- und Gefl\u00fcgelbranche in Kontakt zu treten.<\/p>\n\t\t\t\t\t\t\t\t<\/div>\n\t\t\t\t<\/div>\n\t\t\t\t\t<\/div>\n\t\t<\/div>\n\t\t\t\t\t<\/div>\n\t\t<\/section>\n\t\t\t\t<section class=\"elementor-section elementor-top-section elementor-element elementor-element-6b9d487 elementor-section-boxed elementor-section-height-default elementor-section-height-default\" data-id=\"6b9d487\" data-element_type=\"section\">\n\t\t\t\t\t\t<div class=\"elementor-container elementor-column-gap-default\">\n\t\t\t\t\t<div class=\"elementor-column elementor-col-50 elementor-top-column elementor-element elementor-element-b291cca\" data-id=\"b291cca\" data-element_type=\"column\">\n\t\t\t<div class=\"elementor-widget-wrap elementor-element-populated\">\n\t\t\t\t\t\t<div class=\"elementor-element elementor-element-5fc2931 elementor-widget elementor-widget-video\" data-id=\"5fc2931\" data-element_type=\"widget\" data-settings=\"{&quot;youtube_url&quot;:&quot;https:\\\/\\\/youtu.be\\\/-1FxtmlC6Pk?si=5L559frbwzBaMfA1&quot;,&quot;mute&quot;:&quot;yes&quot;,&quot;autoplay&quot;:&quot;yes&quot;,&quot;video_type&quot;:&quot;youtube&quot;,&quot;controls&quot;:&quot;yes&quot;}\" data-widget_type=\"video.default\">\n\t\t\t\t<div class=\"elementor-widget-container\">\n\t\t\t\t\t\t\t<div class=\"elementor-wrapper elementor-open-inline\">\n\t\t\t<div class=\"elementor-video\"><\/div>\t\t<\/div>\n\t\t\t\t\t\t<\/div>\n\t\t\t\t<\/div>\n\t\t\t\t\t<\/div>\n\t\t<\/div>\n\t\t\t\t<div class=\"elementor-column elementor-col-50 elementor-top-column elementor-element elementor-element-c382e2f\" data-id=\"c382e2f\" data-element_type=\"column\">\n\t\t\t<div class=\"elementor-widget-wrap elementor-element-populated\">\n\t\t\t\t\t\t<div class=\"elementor-element elementor-element-4e399d4 elementor-widget elementor-widget-text-editor\" data-id=\"4e399d4\" data-element_type=\"widget\" data-widget_type=\"text-editor.default\">\n\t\t\t\t<div class=\"elementor-widget-container\">\n\t\t\t\t\t\t\t\t\t<p>Sie entdecken die neuesten Trends und Technologien, die Ihre Gesch\u00e4ftsabl\u00e4ufe beeinflussen, und k\u00f6nnen sich in einer der Wissenssitzungen auch neues Wissen aneignen.<\/p>\n<p>Die Hauptthemen; Die Zukunft der Schweine- und Gefl\u00fcgelhaltung, Tiergesundheit und intelligente Tierhaltung.<\/p>\n<p>Indem Sie sich das ganze Jahr \u00fcber auf diese Themen konzentrieren, sind Sie auf der Dutch Pork &amp; Poultry Expo f\u00fcr die Zukunft ger\u00fcstet.<\/p>\n\t\t\t\t\t\t\t\t<\/div>\n\t\t\t\t<\/div>\n\t\t\t\t\t<\/div>\n\t\t<\/div>\n\t\t\t\t\t<\/div>\n\t\t<\/section>\n\t\t\t\t<section class=\"elementor-section elementor-top-section elementor-element elementor-element-9f5dff0 elementor-section-boxed elementor-section-height-default elementor-section-height-default\" data-id=\"9f5dff0\" data-element_type=\"section\" data-settings=\"{&quot;background_background&quot;:&quot;gradient&quot;}\">\n\t\t\t\t\t\t\t<div class=\"elementor-background-overlay\"><\/div>\n\t\t\t\t\t\t\t<div class=\"elementor-container elementor-column-gap-wide\">\n\t\t\t\t\t<div class=\"elementor-column elementor-col-100 elementor-top-column elementor-element elementor-element-e16f713\" data-id=\"e16f713\" data-element_type=\"column\">\n\t\t\t<div class=\"elementor-widget-wrap elementor-element-populated\">\n\t\t\t\t\t\t<div class=\"elementor-element elementor-element-23d83c5 elementor-widget elementor-widget-heading\" data-id=\"23d83c5\" data-element_type=\"widget\" data-widget_type=\"heading.default\">\n\t\t\t\t<div class=\"elementor-widget-container\">\n\t\t\t\t\t<h2 class=\"elementor-heading-title elementor-size-default\">Wissensprogramm<\/h2>\t\t\t\t<\/div>\n\t\t\t\t<\/div>\n\t\t\t\t<div class=\"elementor-element elementor-element-29497ca elementor-widget elementor-widget-text-editor\" data-id=\"29497ca\" data-element_type=\"widget\" data-widget_type=\"text-editor.default\">\n\t\t\t\t<div class=\"elementor-widget-container\">\n\t\t\t\t\t\t\t\t\t<p>Entdecken Sie die Zukunft der Schweine- und Gefl\u00fcgelhaltung, der Tiergesundheit und der intelligenten Tierhaltung im Wissensprogramm w\u00e4hrend der Dutch Pork &amp; Poultry Expo. Sind Sie neugierig auf die neuesten Entwicklungen, Technologien und Trends? Lassen Sie sich von Experten und Top-Referenten der Branche zu diesen Themen informieren. Bereiten Sie sich auf die Zukunft vor und besuchen Sie die Dutch Pork &amp; Poulry Expo!<\/p>\n\t\t\t\t\t\t\t\t<\/div>\n\t\t\t\t<\/div>\n\t\t\t\t\t<\/div>\n\t\t<\/div>\n\t\t\t\t\t<\/div>\n\t\t<\/section>\n\t\t\t\t<section class=\"elementor-section elementor-top-section elementor-element elementor-element-14874f8 elementor-section-boxed elementor-section-height-default elementor-section-height-default\" data-id=\"14874f8\" data-element_type=\"section\">\n\t\t\t\t\t\t<div class=\"elementor-container elementor-column-gap-default\">\n\t\t\t\t\t<div class=\"elementor-column elementor-col-100 elementor-top-column elementor-element elementor-element-6745ae7\" data-id=\"6745ae7\" data-element_type=\"column\">\n\t\t\t<div class=\"elementor-widget-wrap elementor-element-populated\">\n\t\t\t\t\t\t<div class=\"elementor-element elementor-element-96bf60d elementor-arrows-position-inside elementor-pagination-position-outside elementor-widget elementor-widget-image-carousel\" data-id=\"96bf60d\" data-element_type=\"widget\" data-settings=\"{&quot;navigation&quot;:&quot;both&quot;,&quot;autoplay&quot;:&quot;yes&quot;,&quot;pause_on_hover&quot;:&quot;yes&quot;,&quot;pause_on_interaction&quot;:&quot;yes&quot;,&quot;autoplay_speed&quot;:5000,&quot;infinite&quot;:&quot;yes&quot;,&quot;speed&quot;:500}\" data-widget_type=\"image-carousel.default\">\n\t\t\t\t<div class=\"elementor-widget-container\">\n\t\t\t\t\t\t\t<div class=\"elementor-image-carousel-wrapper swiper\" role=\"region\" aria-roledescription=\"carousel\" aria-label=\"Bild Karussell\" dir=\"ltr\">\n\t\t\t<div class=\"elementor-image-carousel swiper-wrapper\" aria-live=\"off\">\n\t\t\t\t\t\t\t\t<div class=\"swiper-slide\" role=\"group\" aria-roledescription=\"slide\" aria-label=\"1 of 8\"><figure class=\"swiper-slide-inner\"><img decoding=\"async\" class=\"swiper-slide-image\" src=\"https:\/\/easyfairsassets.com\/sites\/289\/2025\/01\/20241017-EASYFAIRS-PORKPOULTRYEXPO-LR-111-768x512.jpg\" alt=\"20241017-EASYFAIRS-PORKPOULTRYEXPO-LR-111\" \/><\/figure><\/div><div class=\"swiper-slide\" role=\"group\" aria-roledescription=\"slide\" aria-label=\"2 of 8\"><figure class=\"swiper-slide-inner\"><img decoding=\"async\" class=\"swiper-slide-image\" src=\"https:\/\/easyfairsassets.com\/sites\/289\/2025\/01\/20241017-EASYFAIRS-PORKPOULTRYEXPO-LR-266-768x512.jpg\" alt=\"20241017-EASYFAIRS-PORKPOULTRYEXPO-LR-266\" \/><\/figure><\/div><div class=\"swiper-slide\" role=\"group\" aria-roledescription=\"slide\" aria-label=\"3 of 8\"><figure class=\"swiper-slide-inner\"><img decoding=\"async\" class=\"swiper-slide-image\" src=\"https:\/\/easyfairsassets.com\/sites\/289\/2025\/01\/20241017-EASYFAIRS-PORKPOULTRYEXPO-LR-303-768x512.jpg\" alt=\"20241017-EASYFAIRS-PORKPOULTRYEXPO-LR-303\" \/><\/figure><\/div><div class=\"swiper-slide\" role=\"group\" aria-roledescription=\"slide\" aria-label=\"4 of 8\"><figure class=\"swiper-slide-inner\"><img decoding=\"async\" class=\"swiper-slide-image\" src=\"https:\/\/easyfairsassets.com\/sites\/289\/2025\/01\/20241017-EASYFAIRS-PORKPOULTRYEXPO-LR-201-768x512.jpg\" alt=\"20241017-EASYFAIRS-PORKPOULTRYEXPO-LR-201\" \/><\/figure><\/div><div class=\"swiper-slide\" role=\"group\" aria-roledescription=\"slide\" aria-label=\"5 of 8\"><figure class=\"swiper-slide-inner\"><img decoding=\"async\" class=\"swiper-slide-image\" src=\"https:\/\/easyfairsassets.com\/sites\/289\/2025\/01\/20241017-EASYFAIRS-PORKPOULTRYEXPO-LR-240-768x512.jpg\" alt=\"20241017-EASYFAIRS-PORKPOULTRYEXPO-LR-240\" \/><\/figure><\/div><div class=\"swiper-slide\" role=\"group\" aria-roledescription=\"slide\" aria-label=\"6 of 8\"><figure class=\"swiper-slide-inner\"><img decoding=\"async\" class=\"swiper-slide-image\" src=\"https:\/\/easyfairsassets.com\/sites\/289\/2025\/01\/20241017-EASYFAIRS-PORKPOULTRYEXPO-LR-324-768x512.jpg\" alt=\"20241017-EASYFAIRS-PORKPOULTRYEXPO-LR-324\" \/><\/figure><\/div><div class=\"swiper-slide\" role=\"group\" aria-roledescription=\"slide\" aria-label=\"7 of 8\"><figure class=\"swiper-slide-inner\"><img decoding=\"async\" class=\"swiper-slide-image\" src=\"https:\/\/easyfairsassets.com\/sites\/289\/2025\/01\/20241017-EASYFAIRS-PORKPOULTRYEXPO-LR-315-768x512.jpg\" alt=\"20241017-EASYFAIRS-PORKPOULTRYEXPO-LR-315\" \/><\/figure><\/div><div class=\"swiper-slide\" role=\"group\" aria-roledescription=\"slide\" aria-label=\"8 of 8\"><figure class=\"swiper-slide-inner\"><img decoding=\"async\" class=\"swiper-slide-image\" src=\"https:\/\/easyfairsassets.com\/sites\/289\/2025\/01\/20241016-EASYFAIRS-DUTCHPORKPOULTRY-INNOVATIEPRIJS-LR-102-768x512.jpg\" alt=\"20241016-EASYFAIRS-DUTCHPORKPOULTRY-INNOVATIEPRIJS-LR-102\" \/><\/figure><\/div>\t\t\t<\/div>\n\t\t\t\t\t\t\t\t\t\t\t\t<div class=\"elementor-swiper-button elementor-swiper-button-prev\" role=\"button\" tabindex=\"0\">\n\t\t\t\t\t\t<i aria-hidden=\"true\" class=\"eicon-chevron-left\"><\/i>\t\t\t\t\t<\/div>\n\t\t\t\t\t<div class=\"elementor-swiper-button elementor-swiper-button-next\" role=\"button\" tabindex=\"0\">\n\t\t\t\t\t\t<i aria-hidden=\"true\" class=\"eicon-chevron-right\"><\/i>\t\t\t\t\t<\/div>\n\t\t\t\t\n\t\t\t\t\t\t\t\t\t<div class=\"swiper-pagination\"><\/div>\n\t\t\t\t\t\t\t\t\t<\/div>\n\t\t\t\t\t\t<\/div>\n\t\t\t\t<\/div>\n\t\t\t\t\t<\/div>\n\t\t<\/div>\n\t\t\t\t\t<\/div>\n\t\t<\/section>\n\t\t\t\t<\/div>\n\t\t","protected":false},"excerpt":{"rendered":"<p>Bereiten Sie sich auf die Zukunft vor Die Dutch Pork &amp; Poultry Expo ist die Fachveranstaltung f\u00fcr die Schweine- und Gefl\u00fcgelbranche. Sie werden das ganze Jahr \u00fcber \u00fcber aktuelle Nachrichten und aktuelle Ereignisse aus den Branchen informiert. Die Dutch Pork &amp; Poultry Expo bietet Ihnen die M\u00f6glichkeit, mit Experten, Lieferanten, Wissenspartnern und Kollegen aus der [&hellip;]<\/p>\n","protected":false},"author":82,"featured_media":0,"parent":2565,"menu_order":0,"comment_status":"closed","ping_status":"closed","template":"","meta":{"_seopress_robots_primary_cat":"","_seopress_titles_title":"","_seopress_titles_desc":"","_seopress_robots_index":"","footnotes":""},"class_list":["post-2567","page","type-page","status-publish","hentry"],"_links":{"self":[{"href":"https:\/\/www.porkpoultryexpo.nl\/de\/wp-json\/wp\/v2\/pages\/2567","targetHints":{"allow":["GET"]}}],"collection":[{"href":"https:\/\/www.porkpoultryexpo.nl\/de\/wp-json\/wp\/v2\/pages"}],"about":[{"href":"https:\/\/www.porkpoultryexpo.nl\/de\/wp-json\/wp\/v2\/types\/page"}],"author":[{"embeddable":true,"href":"https:\/\/www.porkpoultryexpo.nl\/de\/wp-json\/wp\/v2\/users\/82"}],"replies":[{"embeddable":true,"href":"https:\/\/www.porkpoultryexpo.nl\/de\/wp-json\/wp\/v2\/comments?post=2567"}],"version-history":[{"count":5,"href":"https:\/\/www.porkpoultryexpo.nl\/de\/wp-json\/wp\/v2\/pages\/2567\/revisions"}],"predecessor-version":[{"id":48499,"href":"https:\/\/www.porkpoultryexpo.nl\/de\/wp-json\/wp\/v2\/pages\/2567\/revisions\/48499"}],"up":[{"embeddable":true,"href":"https:\/\/www.porkpoultryexpo.nl\/de\/wp-json\/wp\/v2\/pages\/2565"}],"wp:attachment":[{"href":"https:\/\/www.porkpoultryexpo.nl\/de\/wp-json\/wp\/v2\/media?parent=2567"}],"curies":[{"name":"wp","href":"https:\/\/api.w.org\/{rel}","templated":true}]}}