{"id":4416,"date":"2019-07-08T09:46:00","date_gmt":"2019-07-08T08:46:00","guid":{"rendered":"https:\/\/www.porkpoultryexpo.nl\/ich-bin-aussteller\/my-easyfairs\/"},"modified":"2025-06-20T12:00:23","modified_gmt":"2025-06-20T10:00:23","slug":"my-easyfairs","status":"publish","type":"page","link":"https:\/\/www.porkpoultryexpo.nl\/de\/ich-bin-aussteller\/my-easyfairs\/","title":{"rendered":"My Easyfairs"},"content":{"rendered":"\t\t<div data-elementor-type=\"wp-post\" data-elementor-id=\"4416\" class=\"elementor elementor-4416 elementor-1644\" data-elementor-post-type=\"page\">\n\t\t\t\t\t\t<section class=\"elementor-section elementor-top-section elementor-element elementor-element-7b83f13 elementor-section-boxed elementor-section-height-default elementor-section-height-default\" data-id=\"7b83f13\" data-element_type=\"section\">\n\t\t\t\t\t\t<div class=\"elementor-container elementor-column-gap-default\">\n\t\t\t\t\t<div class=\"elementor-column elementor-col-50 elementor-top-column elementor-element elementor-element-ac57bc0\" data-id=\"ac57bc0\" data-element_type=\"column\">\n\t\t\t<div class=\"elementor-widget-wrap elementor-element-populated\">\n\t\t\t\t\t\t<div class=\"elementor-element elementor-element-89a6117 elementor-widget elementor-widget-heading\" data-id=\"89a6117\" data-element_type=\"widget\" data-widget_type=\"heading.default\">\n\t\t\t\t<div class=\"elementor-widget-container\">\n\t\t\t\t\t<h2 class=\"elementor-heading-title elementor-size-default\">My Easyfairs<\/h2>\t\t\t\t<\/div>\n\t\t\t\t<\/div>\n\t\t\t\t<div class=\"elementor-element elementor-element-353c47e elementor-widget elementor-widget-text-editor\" data-id=\"353c47e\" data-element_type=\"widget\" data-widget_type=\"text-editor.default\">\n\t\t\t\t<div class=\"elementor-widget-container\">\n\t\t\t\t\t\t\t\t\t<p>My Easyfairs ist Ihr pers\u00f6nliches Firmenprofil auf der Messe-Website, mit dem Sie sich bereits vor Beginn der Messe sichtbar pr\u00e4sentieren. Auf dieser Seite finden Sie alle Dokumente zur Vorbereitung der Messeteilnahme, darunter das Handbuch f\u00fcr Messestandnutzer. Au\u00dferdem k\u00f6nnen Sie \u00fcber My Easyfairs Bestellungen f\u00fcr den Messestand aufgeben.<\/p>\n\t\t\t\t\t\t\t\t<\/div>\n\t\t\t\t<\/div>\n\t\t\t\t<div class=\"elementor-element elementor-element-ebe1104 elementor-widget elementor-widget-button\" data-id=\"ebe1104\" data-element_type=\"widget\" data-widget_type=\"button.default\">\n\t\t\t\t<div class=\"elementor-widget-container\">\n\t\t\t\t\t\t\t\t\t<div class=\"elementor-button-wrapper\">\n\t\t\t\t\t<a class=\"elementor-button elementor-button-link elementor-size-md\" href=\"https:\/\/my.easyfairs.com\/#\/login\">\n\t\t\t\t\t\t<span class=\"elementor-button-content-wrapper\">\n\t\t\t\t\t\t<span class=\"elementor-button-icon\">\n\t\t\t\t<i aria-hidden=\"true\" class=\"far fa-arrow-alt-circle-right\"><\/i>\t\t\t<\/span>\n\t\t\t\t\t\t\t\t\t<span class=\"elementor-button-text\">Gehe zu My Easyfairs<\/span>\n\t\t\t\t\t<\/span>\n\t\t\t\t\t<\/a>\n\t\t\t\t<\/div>\n\t\t\t\t\t\t\t\t<\/div>\n\t\t\t\t<\/div>\n\t\t\t\t\t<\/div>\n\t\t<\/div>\n\t\t\t\t<div class=\"elementor-column elementor-col-50 elementor-top-column elementor-element elementor-element-718bbc8\" data-id=\"718bbc8\" data-element_type=\"column\">\n\t\t\t<div class=\"elementor-widget-wrap elementor-element-populated\">\n\t\t\t\t\t\t<div class=\"elementor-element elementor-element-19d3b73 elementor-widget elementor-widget-video\" data-id=\"19d3b73\" data-element_type=\"widget\" data-settings=\"{&quot;youtube_url&quot;:&quot;https:\\\/\\\/www.youtube.com\\\/watch?v=ChaQym6MdPI&quot;,&quot;loop&quot;:&quot;yes&quot;,&quot;video_type&quot;:&quot;youtube&quot;,&quot;controls&quot;:&quot;yes&quot;}\" data-widget_type=\"video.default\">\n\t\t\t\t<div class=\"elementor-widget-container\">\n\t\t\t\t\t\t\t<div class=\"elementor-wrapper elementor-open-inline\">\n\t\t\t<div class=\"elementor-video\"><\/div>\t\t<\/div>\n\t\t\t\t\t\t<\/div>\n\t\t\t\t<\/div>\n\t\t\t\t\t<\/div>\n\t\t<\/div>\n\t\t\t\t\t<\/div>\n\t\t<\/section>\n\t\t\t\t<section class=\"elementor-section elementor-top-section elementor-element elementor-element-a3e4154 elementor-section-boxed elementor-section-height-default elementor-section-height-default\" data-id=\"a3e4154\" data-element_type=\"section\" data-settings=\"{&quot;background_background&quot;:&quot;classic&quot;}\">\n\t\t\t\t\t\t\t<div class=\"elementor-background-overlay\"><\/div>\n\t\t\t\t\t\t\t<div class=\"elementor-container elementor-column-gap-default\">\n\t\t\t\t\t<div class=\"elementor-column elementor-col-100 elementor-top-column elementor-element elementor-element-1a85d24\" data-id=\"1a85d24\" data-element_type=\"column\">\n\t\t\t<div class=\"elementor-widget-wrap elementor-element-populated\">\n\t\t\t\t\t\t<section class=\"elementor-section elementor-inner-section elementor-element elementor-element-0792440 elementor-section-boxed elementor-section-height-default elementor-section-height-default\" data-id=\"0792440\" data-element_type=\"section\">\n\t\t\t\t\t\t<div class=\"elementor-container elementor-column-gap-default\">\n\t\t\t\t\t<div class=\"elementor-column elementor-col-100 elementor-inner-column elementor-element elementor-element-487b152\" data-id=\"487b152\" data-element_type=\"column\">\n\t\t\t<div class=\"elementor-widget-wrap elementor-element-populated\">\n\t\t\t\t\t\t<div class=\"elementor-element elementor-element-17b0dda elementor-widget elementor-widget-heading\" data-id=\"17b0dda\" data-element_type=\"widget\" data-widget_type=\"heading.default\">\n\t\t\t\t<div class=\"elementor-widget-container\">\n\t\t\t\t\t<h2 class=\"elementor-heading-title elementor-size-default\">Wie funktioniert es?<\/h2>\t\t\t\t<\/div>\n\t\t\t\t<\/div>\n\t\t\t\t<div class=\"elementor-element elementor-element-292b29c elementor-widget elementor-widget-text-editor\" data-id=\"292b29c\" data-element_type=\"widget\" data-widget_type=\"text-editor.default\">\n\t\t\t\t<div class=\"elementor-widget-container\">\n\t\t\t\t\t\t\t\t\t<p>Als Teilnehmer erhalten Sie von uns eine E-Mail-Best\u00e4tigung \u00fcber Ihre Registrierung f\u00fcr die Messe mit allen Informationen zur optimalen Verwendung von My Easyfairs. Dank der Teilnehmerliste k\u00f6nnen Besucher der Website Ihr Unternehmen im Handumdrehen kennenlernen. Sie klicken auf den Firmennamen und sehen direkt Ihre Firmendaten, Produkte und Neuigkeiten. Diese Informationen und Daten verwalten Sie selbst \u00fcber My Easyfairs. Auf der Messe-Website k\u00f6nnen Besucher die von Ihnen ver\u00f6ffentlichten Informationen zu den neuesten Innovationen und Produkten lesen. Sie entscheiden also selbst, wie viele Informationen an die Besucher der Website weitergegeben werden.<\/p>\n\t\t\t\t\t\t\t\t<\/div>\n\t\t\t\t<\/div>\n\t\t\t\t\t<\/div>\n\t\t<\/div>\n\t\t\t\t\t<\/div>\n\t\t<\/section>\n\t\t\t\t\t<\/div>\n\t\t<\/div>\n\t\t\t\t\t<\/div>\n\t\t<\/section>\n\t\t\t\t<section class=\"elementor-section elementor-top-section elementor-element elementor-element-16a90ce elementor-section-boxed elementor-section-height-default elementor-section-height-default\" data-id=\"16a90ce\" data-element_type=\"section\">\n\t\t\t\t\t\t<div class=\"elementor-container elementor-column-gap-default\">\n\t\t\t\t\t<div class=\"elementor-column elementor-col-100 elementor-top-column elementor-element elementor-element-f48ee61\" data-id=\"f48ee61\" data-element_type=\"column\">\n\t\t\t<div class=\"elementor-widget-wrap elementor-element-populated\">\n\t\t\t\t\t\t<div class=\"elementor-element elementor-element-c52d098 elementor-headline--style-highlight elementor-widget elementor-widget-animated-headline\" data-id=\"c52d098\" data-element_type=\"widget\" data-settings=\"{&quot;highlighted_text&quot;:&quot;TIPP:&quot;,&quot;headline_style&quot;:&quot;highlight&quot;,&quot;marker&quot;:&quot;circle&quot;,&quot;loop&quot;:&quot;yes&quot;,&quot;highlight_animation_duration&quot;:1200,&quot;highlight_iteration_delay&quot;:8000}\" data-widget_type=\"animated-headline.default\">\n\t\t\t\t<div class=\"elementor-widget-container\">\n\t\t\t\t\t\t\t<h3 class=\"elementor-headline\">\n\t\t\t\t<span class=\"elementor-headline-dynamic-wrapper elementor-headline-text-wrapper\">\n\t\t\t\t\t<span class=\"elementor-headline-dynamic-text elementor-headline-text-active\">TIPP:<\/span>\n\t\t\t\t<\/span>\n\t\t\t\t<\/h3>\n\t\t\t\t\t\t<\/div>\n\t\t\t\t<\/div>\n\t\t\t\t<div class=\"elementor-element elementor-element-08ab2d6 elementor-widget elementor-widget-text-editor\" data-id=\"08ab2d6\" data-element_type=\"widget\" data-widget_type=\"text-editor.default\">\n\t\t\t\t<div class=\"elementor-widget-container\">\n\t\t\t\t\t\t\t\t\t<p>Je ausf\u00fchrlicher Sie Ihr Online-Profil bei My Easyfairs gestalten, umso mehr spannende Informationen \u00fcber Ihr Unternehmen stehen bereits vor dem Event zur Verf\u00fcgung. Auf diese Weise erreichen Sie Ihr Zielpublikum das ganze Jahr \u00fcber, vor, w\u00e4hrend und nach der Messe.<\/p>\n\t\t\t\t\t\t\t\t<\/div>\n\t\t\t\t<\/div>\n\t\t\t\t<div class=\"elementor-element elementor-element-0787ee7 elementor-hidden-mobile elementor-widget elementor-widget-spacer\" data-id=\"0787ee7\" data-element_type=\"widget\" data-widget_type=\"spacer.default\">\n\t\t\t\t<div class=\"elementor-widget-container\">\n\t\t\t\t\t\t\t<div class=\"elementor-spacer\">\n\t\t\t<div class=\"elementor-spacer-inner\"><\/div>\n\t\t<\/div>\n\t\t\t\t\t\t<\/div>\n\t\t\t\t<\/div>\n\t\t\t\t<div class=\"elementor-element elementor-element-b20d76a elementor-widget elementor-widget-heading\" data-id=\"b20d76a\" data-element_type=\"widget\" data-widget_type=\"heading.default\">\n\t\t\t\t<div class=\"elementor-widget-container\">\n\t\t\t\t\t<h2 class=\"elementor-heading-title elementor-size-default\">Anleitung My Easyfairs<\/h2>\t\t\t\t<\/div>\n\t\t\t\t<\/div>\n\t\t\t\t<div class=\"elementor-element elementor-element-a395908 elementor-widget elementor-widget-text-editor\" data-id=\"a395908\" data-element_type=\"widget\" data-widget_type=\"text-editor.default\">\n\t\t\t\t<div class=\"elementor-widget-container\">\n\t\t\t\t\t\t\t\t\t<p>Wenn Sie sich als Aussteller bei My Easyfairs einloggen, sehen Sie eine aus mehreren Schritten bestehende<\/p>\n<p>Zeitleiste. Sie machten das Bestm\u00f6gliche aus Ihrer Messeteilnahme und My Easyfairs, wenn Sie alle Schritte durchlaufen und das Profil vollst\u00e4ndig ausf\u00fcllen. F\u00fcr jeden Schritt wurde ein detaillierter Leitfaden erstellt<em>.<\/em><\/p>\n\t\t\t\t\t\t\t\t<\/div>\n\t\t\t\t<\/div>\n\t\t\t\t\t<\/div>\n\t\t<\/div>\n\t\t\t\t\t<\/div>\n\t\t<\/section>\n\t\t\t\t<section class=\"elementor-section elementor-top-section elementor-element elementor-element-6577f03 elementor-section-boxed elementor-section-height-default elementor-section-height-default\" data-id=\"6577f03\" data-element_type=\"section\">\n\t\t\t\t\t\t<div class=\"elementor-container elementor-column-gap-default\">\n\t\t\t\t\t<div class=\"elementor-column elementor-col-20 elementor-top-column elementor-element elementor-element-ae7d17f\" data-id=\"ae7d17f\" data-element_type=\"column\">\n\t\t\t<div class=\"elementor-widget-wrap elementor-element-populated\">\n\t\t\t\t\t\t<div class=\"elementor-element elementor-element-0d19e9c elementor-widget elementor-widget-image\" data-id=\"0d19e9c\" data-element_type=\"widget\" data-widget_type=\"image.default\">\n\t\t\t\t<div class=\"elementor-widget-container\">\n\t\t\t\t\t\t\t\t\t\t\t\t\t\t\t\t<a href=\"https:\/\/easyfairsassets.com\/sites\/289\/2024\/04\/Eerste-keer-inloggen-in-My-Easyfairs-HANDLEIDING.pdf\">\n\t\t\t\t\t\t\t<img fetchpriority=\"high\" decoding=\"async\" width=\"800\" height=\"800\" src=\"https:\/\/easyfairsassets.com\/sites\/289\/2024\/04\/2.png\" class=\"attachment-large size-large wp-image-31533\" alt=\"\" srcset=\"https:\/\/easyfairsassets.com\/sites\/289\/2024\/04\/2.png 1024w, https:\/\/easyfairsassets.com\/sites\/289\/2024\/04\/2-300x300.png 300w, https:\/\/easyfairsassets.com\/sites\/289\/2024\/04\/2-150x150.png 150w, https:\/\/easyfairsassets.com\/sites\/289\/2024\/04\/2-768x768.png 768w\" sizes=\"(max-width: 800px) 100vw, 800px\" \/>\t\t\t\t\t\t\t\t<\/a>\n\t\t\t\t\t\t\t\t\t\t\t\t\t\t\t<\/div>\n\t\t\t\t<\/div>\n\t\t\t\t\t<\/div>\n\t\t<\/div>\n\t\t\t\t<div class=\"elementor-column elementor-col-20 elementor-top-column elementor-element elementor-element-1ea194e\" data-id=\"1ea194e\" data-element_type=\"column\">\n\t\t\t<div class=\"elementor-widget-wrap elementor-element-populated\">\n\t\t\t\t\t\t<div class=\"elementor-element elementor-element-ba870c5 elementor-widget elementor-widget-image\" data-id=\"ba870c5\" data-element_type=\"widget\" data-widget_type=\"image.default\">\n\t\t\t\t<div class=\"elementor-widget-container\">\n\t\t\t\t\t\t\t\t\t\t\t\t\t\t\t\t<a href=\"https:\/\/easyfairsassets.com\/sites\/289\/2024\/04\/1.-Beheer-het-profiel-in-My-Easyfairs-HANDLEIDING_EasyGo-2.5.pdf\">\n\t\t\t\t\t\t\t<img decoding=\"async\" width=\"800\" height=\"800\" src=\"https:\/\/easyfairsassets.com\/sites\/289\/2024\/04\/3.png\" class=\"attachment-large size-large wp-image-31536\" alt=\"\" srcset=\"https:\/\/easyfairsassets.com\/sites\/289\/2024\/04\/3.png 1024w, https:\/\/easyfairsassets.com\/sites\/289\/2024\/04\/3-300x300.png 300w, https:\/\/easyfairsassets.com\/sites\/289\/2024\/04\/3-150x150.png 150w, https:\/\/easyfairsassets.com\/sites\/289\/2024\/04\/3-768x768.png 768w\" sizes=\"(max-width: 800px) 100vw, 800px\" \/>\t\t\t\t\t\t\t\t<\/a>\n\t\t\t\t\t\t\t\t\t\t\t\t\t\t\t<\/div>\n\t\t\t\t<\/div>\n\t\t\t\t\t<\/div>\n\t\t<\/div>\n\t\t\t\t<div class=\"elementor-column elementor-col-20 elementor-top-column elementor-element elementor-element-d9d158e\" data-id=\"d9d158e\" data-element_type=\"column\">\n\t\t\t<div class=\"elementor-widget-wrap elementor-element-populated\">\n\t\t\t\t\t\t<div class=\"elementor-element elementor-element-9b3ee43 elementor-widget elementor-widget-image\" data-id=\"9b3ee43\" data-element_type=\"widget\" data-widget_type=\"image.default\">\n\t\t\t\t<div class=\"elementor-widget-container\">\n\t\t\t\t\t\t\t\t\t\t\t\t\t\t\t\t<a href=\"https:\/\/easyfairsassets.com\/sites\/289\/2024\/04\/3.-Beheer-de-stand-in-My-Easyfairs-HANDLEIDING_EasyGo-2.5.pdf\">\n\t\t\t\t\t\t\t<img decoding=\"async\" width=\"800\" height=\"800\" src=\"https:\/\/easyfairsassets.com\/sites\/289\/2024\/04\/5.png\" class=\"attachment-large size-large wp-image-31524\" alt=\"\" srcset=\"https:\/\/easyfairsassets.com\/sites\/289\/2024\/04\/5.png 1024w, https:\/\/easyfairsassets.com\/sites\/289\/2024\/04\/5-300x300.png 300w, https:\/\/easyfairsassets.com\/sites\/289\/2024\/04\/5-150x150.png 150w, https:\/\/easyfairsassets.com\/sites\/289\/2024\/04\/5-768x768.png 768w\" sizes=\"(max-width: 800px) 100vw, 800px\" \/>\t\t\t\t\t\t\t\t<\/a>\n\t\t\t\t\t\t\t\t\t\t\t\t\t\t\t<\/div>\n\t\t\t\t<\/div>\n\t\t\t\t<div class=\"elementor-element elementor-element-8ccef03 elementor-widget elementor-widget-image\" data-id=\"8ccef03\" data-element_type=\"widget\" data-widget_type=\"image.default\">\n\t\t\t\t<div class=\"elementor-widget-container\">\n\t\t\t\t\t\t\t\t\t\t\t\t\t\t\t\t<a href=\"https:\/\/easyfairsassets.com\/sites\/289\/2024\/04\/2.-Nodig-klanten-uit-in-My-Easyfairs-HANDLEIDING_EasyGo-2.5.pdf\">\n\t\t\t\t\t\t\t<img loading=\"lazy\" decoding=\"async\" width=\"800\" height=\"800\" src=\"https:\/\/easyfairsassets.com\/sites\/289\/2024\/04\/4.png\" class=\"attachment-large size-large wp-image-31521\" alt=\"\" srcset=\"https:\/\/easyfairsassets.com\/sites\/289\/2024\/04\/4.png 1024w, https:\/\/easyfairsassets.com\/sites\/289\/2024\/04\/4-300x300.png 300w, https:\/\/easyfairsassets.com\/sites\/289\/2024\/04\/4-150x150.png 150w, https:\/\/easyfairsassets.com\/sites\/289\/2024\/04\/4-768x768.png 768w\" sizes=\"(max-width: 800px) 100vw, 800px\" \/>\t\t\t\t\t\t\t\t<\/a>\n\t\t\t\t\t\t\t\t\t\t\t\t\t\t\t<\/div>\n\t\t\t\t<\/div>\n\t\t\t\t\t<\/div>\n\t\t<\/div>\n\t\t\t\t<div class=\"elementor-column elementor-col-20 elementor-top-column elementor-element elementor-element-3c0bae6\" data-id=\"3c0bae6\" data-element_type=\"column\">\n\t\t\t<div class=\"elementor-widget-wrap elementor-element-populated\">\n\t\t\t\t\t\t<div class=\"elementor-element elementor-element-d63be64 elementor-widget elementor-widget-image\" data-id=\"d63be64\" data-element_type=\"widget\" data-widget_type=\"image.default\">\n\t\t\t\t<div class=\"elementor-widget-container\">\n\t\t\t\t\t\t\t\t\t\t\t\t\t\t\t\t<a href=\"https:\/\/easyfairsassets.com\/sites\/289\/2024\/04\/4.-Genereer-leads-in-My-Easyfairs-HANDLEIDING_EasyGo-2.5.pdf\">\n\t\t\t\t\t\t\t<img loading=\"lazy\" decoding=\"async\" width=\"800\" height=\"800\" src=\"https:\/\/easyfairsassets.com\/sites\/289\/2024\/04\/6.png\" class=\"attachment-large size-large wp-image-31527\" alt=\"\" srcset=\"https:\/\/easyfairsassets.com\/sites\/289\/2024\/04\/6.png 1024w, https:\/\/easyfairsassets.com\/sites\/289\/2024\/04\/6-300x300.png 300w, https:\/\/easyfairsassets.com\/sites\/289\/2024\/04\/6-150x150.png 150w, https:\/\/easyfairsassets.com\/sites\/289\/2024\/04\/6-768x768.png 768w\" sizes=\"(max-width: 800px) 100vw, 800px\" \/>\t\t\t\t\t\t\t\t<\/a>\n\t\t\t\t\t\t\t\t\t\t\t\t\t\t\t<\/div>\n\t\t\t\t<\/div>\n\t\t\t\t\t<\/div>\n\t\t<\/div>\n\t\t\t\t<div class=\"elementor-column elementor-col-20 elementor-top-column elementor-element elementor-element-59d0df4\" data-id=\"59d0df4\" data-element_type=\"column\">\n\t\t\t<div class=\"elementor-widget-wrap elementor-element-populated\">\n\t\t\t\t\t\t<div class=\"elementor-element elementor-element-5326c2a elementor-widget elementor-widget-image\" data-id=\"5326c2a\" data-element_type=\"widget\" data-widget_type=\"image.default\">\n\t\t\t\t<div class=\"elementor-widget-container\">\n\t\t\t\t\t\t\t\t\t\t\t\t\t\t\t\t<a href=\"https:\/\/easyfairsassets.com\/sites\/289\/2024\/04\/5.-Prestaties-opvolgen-in-My-Easyfairs-HANDLEIDING_EasyGo-2.5.pdf\">\n\t\t\t\t\t\t\t<img loading=\"lazy\" decoding=\"async\" width=\"800\" height=\"800\" src=\"https:\/\/easyfairsassets.com\/sites\/289\/2024\/04\/7.png\" class=\"attachment-large size-large wp-image-31530\" alt=\"\" srcset=\"https:\/\/easyfairsassets.com\/sites\/289\/2024\/04\/7.png 1024w, https:\/\/easyfairsassets.com\/sites\/289\/2024\/04\/7-300x300.png 300w, https:\/\/easyfairsassets.com\/sites\/289\/2024\/04\/7-150x150.png 150w, https:\/\/easyfairsassets.com\/sites\/289\/2024\/04\/7-768x768.png 768w\" sizes=\"(max-width: 800px) 100vw, 800px\" \/>\t\t\t\t\t\t\t\t<\/a>\n\t\t\t\t\t\t\t\t\t\t\t\t\t\t\t<\/div>\n\t\t\t\t<\/div>\n\t\t\t\t\t<\/div>\n\t\t<\/div>\n\t\t\t\t\t<\/div>\n\t\t<\/section>\n\t\t\t\t<section class=\"elementor-section elementor-top-section elementor-element elementor-element-6d663d3d elementor-section-height-min-height elementor-section-boxed elementor-section-height-default elementor-section-items-middle\" data-id=\"6d663d3d\" data-element_type=\"section\" data-settings=\"{&quot;background_background&quot;:&quot;gradient&quot;,&quot;shape_divider_top&quot;:&quot;tilt&quot;}\">\n\t\t\t\t\t\t\t<div class=\"elementor-background-overlay\"><\/div>\n\t\t\t\t\t\t<div class=\"elementor-shape elementor-shape-top\" aria-hidden=\"true\" data-negative=\"false\">\n\t\t\t<svg xmlns=\"http:\/\/www.w3.org\/2000\/svg\" viewBox=\"0 0 1000 100\" preserveAspectRatio=\"none\">\n\t<path class=\"elementor-shape-fill\" d=\"M0,6V0h1000v100L0,6z\"\/>\n<\/svg>\t\t<\/div>\n\t\t\t\t\t<div class=\"elementor-container elementor-column-gap-default\">\n\t\t\t\t\t<div class=\"elementor-column elementor-col-100 elementor-top-column elementor-element elementor-element-5b6bc2ba\" data-id=\"5b6bc2ba\" data-element_type=\"column\">\n\t\t\t<div class=\"elementor-widget-wrap elementor-element-populated\">\n\t\t\t\t\t\t<section class=\"elementor-section elementor-inner-section elementor-element elementor-element-6a0d792f elementor-section-boxed elementor-section-height-default elementor-section-height-default\" data-id=\"6a0d792f\" data-element_type=\"section\">\n\t\t\t\t\t\t<div class=\"elementor-container elementor-column-gap-default\">\n\t\t\t\t\t<div class=\"elementor-column elementor-col-50 elementor-inner-column elementor-element elementor-element-68f4465a\" data-id=\"68f4465a\" data-element_type=\"column\">\n\t\t\t<div class=\"elementor-widget-wrap elementor-element-populated\">\n\t\t\t\t\t\t<div class=\"elementor-element elementor-element-fcdf687 elementor-position-top elementor-widget elementor-widget-image-box\" data-id=\"fcdf687\" data-element_type=\"widget\" data-widget_type=\"image-box.default\">\n\t\t\t\t<div class=\"elementor-widget-container\">\n\t\t\t\t\t<div class=\"elementor-image-box-wrapper\"><figure class=\"elementor-image-box-img\"><img decoding=\"async\" src=\"https:\/\/easyfairsassets.com\/sites\/289\/2022\/10\/EF-COV-icons_exhibitorcatalogue.png\" title=\"EF-COV-icons_exhibitorcatalogue.png\" alt=\"EF-COV-icons_exhibitorcatalogue.png\" class=\"elementor-animation-grow\" loading=\"lazy\" \/><\/figure><div class=\"elementor-image-box-content\"><h3 class=\"elementor-image-box-title\">EXHIBITOR ACTIVATION<\/h3><p class=\"elementor-image-box-description\"><a href=\"mailto:exhibitoractivation@easyfairs.com\">exhibitoractivation@easyfairs.com<\/a><br>+31 (0) 523 289 818<\/p><\/div><\/div>\t\t\t\t<\/div>\n\t\t\t\t<\/div>\n\t\t\t\t\t<\/div>\n\t\t<\/div>\n\t\t\t\t<div class=\"elementor-column elementor-col-50 elementor-inner-column elementor-element elementor-element-696e8b88\" data-id=\"696e8b88\" data-element_type=\"column\">\n\t\t\t<div class=\"elementor-widget-wrap elementor-element-populated\">\n\t\t\t\t\t\t<div class=\"elementor-element elementor-element-1c89dccd elementor-widget elementor-widget-heading\" data-id=\"1c89dccd\" data-element_type=\"widget\" data-widget_type=\"heading.default\">\n\t\t\t\t<div class=\"elementor-widget-container\">\n\t\t\t\t\t<h2 class=\"elementor-heading-title elementor-size-default\">Fragen Zu My Easyfairs?<\/h2>\t\t\t\t<\/div>\n\t\t\t\t<\/div>\n\t\t\t\t<div class=\"elementor-element elementor-element-26bd6d4 elementor-widget elementor-widget-text-editor\" data-id=\"26bd6d4\" data-element_type=\"widget\" data-widget_type=\"text-editor.default\">\n\t\t\t\t<div class=\"elementor-widget-container\">\n\t\t\t\t\t\t\t\t\t<p>Nimm gerne Kontakt mit uns auf!<\/p>\n\t\t\t\t\t\t\t\t<\/div>\n\t\t\t\t<\/div>\n\t\t\t\t<div class=\"elementor-element elementor-element-1dfdab77 elementor-widget elementor-widget-icon-box\" data-id=\"1dfdab77\" data-element_type=\"widget\" data-widget_type=\"icon-box.default\">\n\t\t\t\t<div class=\"elementor-widget-container\">\n\t\t\t\t\t\t\t<div class=\"elementor-icon-box-wrapper\">\n\n\t\t\t\n\t\t\t\t\t\t<div class=\"elementor-icon-box-content\">\n\n\t\t\t\t\n\t\t\t\t\t\t\t\t\t<p class=\"elementor-icon-box-description\">\n\t\t\t\t\t\tSie k\u00f6nnen sich gerne an Exhibitor Activation wenden. Je ausf\u00fchrlicher Sie Ihr Online-Profil bei My Easyfairs gestalten, desto mehr spannende Informationen \u00fcber Ihr eigenes Unternehmen stehen vor, w\u00e4hrend und nach der Messe zur Verf\u00fcgung. Auf diese Weise erreichen Sie Ihr Zielpublikum das ganze Jahr \u00fcber.\t\t\t\t\t<\/p>\n\t\t\t\t\n\t\t\t<\/div>\n\t\t\t\n\t\t<\/div>\n\t\t\t\t\t\t<\/div>\n\t\t\t\t<\/div>\n\t\t\t\t\t<\/div>\n\t\t<\/div>\n\t\t\t\t\t<\/div>\n\t\t<\/section>\n\t\t\t\t\t<\/div>\n\t\t<\/div>\n\t\t\t\t\t<\/div>\n\t\t<\/section>\n\t\t\t\t<section class=\"elementor-section elementor-top-section elementor-element elementor-element-4095278 elementor-hidden-mobile elementor-section-boxed elementor-section-height-default elementor-section-height-default\" data-id=\"4095278\" data-element_type=\"section\">\n\t\t\t\t\t\t<div class=\"elementor-container elementor-column-gap-default\">\n\t\t\t\t\t<div class=\"elementor-column elementor-col-100 elementor-top-column elementor-element elementor-element-39c1f2c\" data-id=\"39c1f2c\" data-element_type=\"column\">\n\t\t\t<div class=\"elementor-widget-wrap\">\n\t\t\t\t\t\t\t<\/div>\n\t\t<\/div>\n\t\t\t\t\t<\/div>\n\t\t<\/section>\n\t\t\t\t<section class=\"elementor-section elementor-top-section elementor-element elementor-element-27bbb4d elementor-hidden-mobile elementor-section-boxed elementor-section-height-default elementor-section-height-default\" data-id=\"27bbb4d\" data-element_type=\"section\">\n\t\t\t\t\t\t<div class=\"elementor-container elementor-column-gap-default\">\n\t\t\t\t\t<div class=\"elementor-column elementor-col-100 elementor-top-column elementor-element elementor-element-9632cc9\" data-id=\"9632cc9\" data-element_type=\"column\">\n\t\t\t<div class=\"elementor-widget-wrap\">\n\t\t\t\t\t\t\t<\/div>\n\t\t<\/div>\n\t\t\t\t\t<\/div>\n\t\t<\/section>\n\t\t\t\t<section class=\"elementor-section elementor-top-section elementor-element elementor-element-65b6219 elementor-hidden-mobile elementor-section-boxed elementor-section-height-default elementor-section-height-default\" data-id=\"65b6219\" data-element_type=\"section\">\n\t\t\t\t\t\t<div class=\"elementor-container elementor-column-gap-default\">\n\t\t\t\t\t<div class=\"elementor-column elementor-col-100 elementor-top-column elementor-element elementor-element-b061271\" data-id=\"b061271\" data-element_type=\"column\">\n\t\t\t<div class=\"elementor-widget-wrap\">\n\t\t\t\t\t\t\t<\/div>\n\t\t<\/div>\n\t\t\t\t\t<\/div>\n\t\t<\/section>\n\t\t\t\t<\/div>\n\t\t","protected":false},"excerpt":{"rendered":"<p>My Easyfairs My Easyfairs ist Ihr pers\u00f6nliches Firmenprofil auf der Messe-Website, mit dem Sie sich bereits vor Beginn der Messe sichtbar pr\u00e4sentieren. Auf dieser Seite finden Sie alle Dokumente zur Vorbereitung der Messeteilnahme, darunter das Handbuch f\u00fcr Messestandnutzer. Au\u00dferdem k\u00f6nnen Sie \u00fcber My Easyfairs Bestellungen f\u00fcr den Messestand aufgeben. Gehe zu My Easyfairs Wie funktioniert [&hellip;]<\/p>\n","protected":false},"author":82,"featured_media":0,"parent":4408,"menu_order":0,"comment_status":"closed","ping_status":"closed","template":"","meta":{"_seopress_robots_primary_cat":"","_seopress_titles_title":"","_seopress_titles_desc":"","_seopress_robots_index":"","footnotes":""},"class_list":["post-4416","page","type-page","status-publish","hentry"],"_links":{"self":[{"href":"https:\/\/www.porkpoultryexpo.nl\/de\/wp-json\/wp\/v2\/pages\/4416","targetHints":{"allow":["GET"]}}],"collection":[{"href":"https:\/\/www.porkpoultryexpo.nl\/de\/wp-json\/wp\/v2\/pages"}],"about":[{"href":"https:\/\/www.porkpoultryexpo.nl\/de\/wp-json\/wp\/v2\/types\/page"}],"author":[{"embeddable":true,"href":"https:\/\/www.porkpoultryexpo.nl\/de\/wp-json\/wp\/v2\/users\/82"}],"replies":[{"embeddable":true,"href":"https:\/\/www.porkpoultryexpo.nl\/de\/wp-json\/wp\/v2\/comments?post=4416"}],"version-history":[{"count":5,"href":"https:\/\/www.porkpoultryexpo.nl\/de\/wp-json\/wp\/v2\/pages\/4416\/revisions"}],"predecessor-version":[{"id":56931,"href":"https:\/\/www.porkpoultryexpo.nl\/de\/wp-json\/wp\/v2\/pages\/4416\/revisions\/56931"}],"up":[{"embeddable":true,"href":"https:\/\/www.porkpoultryexpo.nl\/de\/wp-json\/wp\/v2\/pages\/4408"}],"wp:attachment":[{"href":"https:\/\/www.porkpoultryexpo.nl\/de\/wp-json\/wp\/v2\/media?parent=4416"}],"curies":[{"name":"wp","href":"https:\/\/api.w.org\/{rel}","templated":true}]}}