{"id":4425,"date":"2019-07-08T10:19:22","date_gmt":"2019-07-08T09:19:22","guid":{"rendered":"https:\/\/www.porkpoultryexpo.nl\/ich-bin-aussteller\/smartbadge\/"},"modified":"2025-02-27T09:50:42","modified_gmt":"2025-02-27T08:50:42","slug":"smartbadge","status":"publish","type":"page","link":"https:\/\/www.porkpoultryexpo.nl\/de\/ich-bin-aussteller\/smartbadge\/","title":{"rendered":"Smart Badge"},"content":{"rendered":"\t\t<div data-elementor-type=\"wp-post\" data-elementor-id=\"4425\" class=\"elementor elementor-4425 elementor-1650\" data-elementor-post-type=\"page\">\n\t\t\t\t\t\t<section class=\"elementor-section elementor-top-section elementor-element elementor-element-1d012fa4 elementor-section-boxed elementor-section-height-default elementor-section-height-default\" data-id=\"1d012fa4\" data-element_type=\"section\">\n\t\t\t\t\t\t<div class=\"elementor-container elementor-column-gap-default\">\n\t\t\t\t\t<div class=\"elementor-column elementor-col-66 elementor-top-column elementor-element elementor-element-15f7469f\" data-id=\"15f7469f\" data-element_type=\"column\">\n\t\t\t<div class=\"elementor-widget-wrap elementor-element-populated\">\n\t\t\t\t\t\t<div class=\"elementor-element elementor-element-5ff27015 elementor-widget elementor-widget-heading\" data-id=\"5ff27015\" data-element_type=\"widget\" data-widget_type=\"heading.default\">\n\t\t\t\t<div class=\"elementor-widget-container\">\n\t\t\t\t\t<h2 class=\"elementor-heading-title elementor-size-default\">Machen Sie noch Mehr aus Ihrem Ausweisleser<\/h2>\t\t\t\t<\/div>\n\t\t\t\t<\/div>\n\t\t\t\t<div class=\"elementor-element elementor-element-572fc4d3 elementor-widget elementor-widget-heading\" data-id=\"572fc4d3\" data-element_type=\"widget\" data-widget_type=\"heading.default\">\n\t\t\t\t<div class=\"elementor-widget-container\">\n\t\t\t\t\t<h4 class=\"elementor-heading-title elementor-size-default\">Verwandeln Sie Besucher in wertvolle Leads<\/h4>\t\t\t\t<\/div>\n\t\t\t\t<\/div>\n\t\t\t\t\t<\/div>\n\t\t<\/div>\n\t\t\t\t<div class=\"elementor-column elementor-col-33 elementor-top-column elementor-element elementor-element-3eb10808 elementor-hidden-phone\" data-id=\"3eb10808\" data-element_type=\"column\">\n\t\t\t<div class=\"elementor-widget-wrap elementor-element-populated\">\n\t\t\t\t\t\t<div class=\"elementor-element elementor-element-72f0523c elementor-hidden-phone elementor-widget elementor-widget-image\" data-id=\"72f0523c\" data-element_type=\"widget\" data-widget_type=\"image.default\">\n\t\t\t\t<div class=\"elementor-widget-container\">\n\t\t\t\t\t\t\t\t\t\t\t\t\t\t\t<img fetchpriority=\"high\" decoding=\"async\" width=\"800\" height=\"534\" src=\"https:\/\/easyfairsassets.com\/sites\/289\/2023\/07\/Seijbel-Photography-8448-1-1024x683.jpg\" class=\"attachment-large size-large wp-image-28004\" alt=\"\" srcset=\"https:\/\/easyfairsassets.com\/sites\/289\/2023\/07\/Seijbel-Photography-8448-1-1024x683.jpg 1024w, https:\/\/easyfairsassets.com\/sites\/289\/2023\/07\/Seijbel-Photography-8448-1-300x200.jpg 300w, https:\/\/easyfairsassets.com\/sites\/289\/2023\/07\/Seijbel-Photography-8448-1-768x512.jpg 768w, https:\/\/easyfairsassets.com\/sites\/289\/2023\/07\/Seijbel-Photography-8448-1-1536x1025.jpg 1536w, https:\/\/easyfairsassets.com\/sites\/289\/2023\/07\/Seijbel-Photography-8448-1.jpg 1920w\" sizes=\"(max-width: 800px) 100vw, 800px\" \/>\t\t\t\t\t\t\t\t\t\t\t\t\t\t\t<\/div>\n\t\t\t\t<\/div>\n\t\t\t\t\t<\/div>\n\t\t<\/div>\n\t\t\t\t\t<\/div>\n\t\t<\/section>\n\t\t\t\t<section class=\"elementor-section elementor-top-section elementor-element elementor-element-36f2fd2f elementor-section-boxed elementor-section-height-default elementor-section-height-default\" data-id=\"36f2fd2f\" data-element_type=\"section\" data-settings=\"{&quot;background_background&quot;:&quot;classic&quot;}\">\n\t\t\t\t\t\t<div class=\"elementor-container elementor-column-gap-default\">\n\t\t\t\t\t<div class=\"elementor-column elementor-col-25 elementor-top-column elementor-element elementor-element-488b08cc\" data-id=\"488b08cc\" data-element_type=\"column\" data-settings=\"{&quot;background_background&quot;:&quot;classic&quot;}\">\n\t\t\t<div class=\"elementor-widget-wrap\">\n\t\t\t\t\t\t\t<\/div>\n\t\t<\/div>\n\t\t\t\t<div class=\"elementor-column elementor-col-50 elementor-top-column elementor-element elementor-element-4a720e29\" data-id=\"4a720e29\" data-element_type=\"column\" data-settings=\"{&quot;background_background&quot;:&quot;classic&quot;}\">\n\t\t\t<div class=\"elementor-widget-wrap elementor-element-populated\">\n\t\t\t\t\t\t<div class=\"elementor-element elementor-element-379a521 elementor-widget elementor-widget-image\" data-id=\"379a521\" data-element_type=\"widget\" data-widget_type=\"image.default\">\n\t\t\t\t<div class=\"elementor-widget-container\">\n\t\t\t\t\t\t\t\t\t\t\t\t\t\t\t<img decoding=\"async\" width=\"599\" height=\"573\" src=\"https:\/\/easyfairsassets.com\/sites\/289\/2019\/03\/EasyGo-02.png\" class=\"attachment-large size-large wp-image-2147\" alt=\"\" srcset=\"https:\/\/easyfairsassets.com\/sites\/289\/2019\/03\/EasyGo-02.png 599w, https:\/\/easyfairsassets.com\/sites\/289\/2019\/03\/EasyGo-02-300x287.png 300w\" sizes=\"(max-width: 599px) 100vw, 599px\" \/>\t\t\t\t\t\t\t\t\t\t\t\t\t\t\t<\/div>\n\t\t\t\t<\/div>\n\t\t\t\t\t<\/div>\n\t\t<\/div>\n\t\t\t\t<div class=\"elementor-column elementor-col-25 elementor-top-column elementor-element elementor-element-28ca85eb\" data-id=\"28ca85eb\" data-element_type=\"column\">\n\t\t\t<div class=\"elementor-widget-wrap elementor-element-populated\">\n\t\t\t\t\t\t<div class=\"elementor-element elementor-element-63b1e65c elementor-widget elementor-widget-heading\" data-id=\"63b1e65c\" data-element_type=\"widget\" data-widget_type=\"heading.default\">\n\t\t\t\t<div class=\"elementor-widget-container\">\n\t\t\t\t\t<h3 class=\"elementor-heading-title elementor-size-default\">Was Macht der Ausweisleser <\/h3>\t\t\t\t<\/div>\n\t\t\t\t<\/div>\n\t\t\t\t<div class=\"elementor-element elementor-element-10090353 elementor-widget elementor-widget-text-editor\" data-id=\"10090353\" data-element_type=\"widget\" data-widget_type=\"text-editor.default\">\n\t\t\t\t<div class=\"elementor-widget-container\">\n\t\t\t\t\t\t\t\t\t<p>Der Smart Badge Reader, der smarte Ausweisleser, die Sie als Aussteller w\u00e4hrend der Messe erhalten, wird das Besuchererlebnis noch weiter verbessern. Mit diesen Lesern k\u00f6nnen sich die Besucher leicht \u00fcber Ihr Unternehmen, Ihre Produkte und vielleicht sogar \u00fcber freie Stellen informieren. Die Anzahl der Smart Badge Reader, die Sie erhalten, h\u00e4ngt von dem von Ihnen gew\u00e4hlten EasyGo-Paket ab. Der Smart Badge Reader \u00fcbertr\u00e4gt die Informationen, die Sie in Ihrem My Easyfairs-Profil hochgeladen haben. So entscheiden Sie selbst, welche Informationen Sie mit Besuchern teilen<\/p>\n\t\t\t\t\t\t\t\t<\/div>\n\t\t\t\t<\/div>\n\t\t\t\t\t<\/div>\n\t\t<\/div>\n\t\t\t\t\t<\/div>\n\t\t<\/section>\n\t\t\t\t<section class=\"elementor-section elementor-top-section elementor-element elementor-element-1c0353d8 elementor-section-boxed elementor-section-height-default elementor-section-height-default\" data-id=\"1c0353d8\" data-element_type=\"section\" data-settings=\"{&quot;background_background&quot;:&quot;classic&quot;}\">\n\t\t\t\t\t\t<div class=\"elementor-container elementor-column-gap-default\">\n\t\t\t\t\t<div class=\"elementor-column elementor-col-50 elementor-top-column elementor-element elementor-element-1943eb15\" data-id=\"1943eb15\" data-element_type=\"column\">\n\t\t\t<div class=\"elementor-widget-wrap elementor-element-populated\">\n\t\t\t\t\t\t<div class=\"elementor-element elementor-element-4bdd2b08 elementor-widget elementor-widget-heading\" data-id=\"4bdd2b08\" data-element_type=\"widget\" data-widget_type=\"heading.default\">\n\t\t\t\t<div class=\"elementor-widget-container\">\n\t\t\t\t\t<h3 class=\"elementor-heading-title elementor-size-default\">Wie funktioniert es?<\/h3>\t\t\t\t<\/div>\n\t\t\t\t<\/div>\n\t\t\t\t<div class=\"elementor-element elementor-element-ce09098 elementor-widget elementor-widget-text-editor\" data-id=\"ce09098\" data-element_type=\"widget\" data-widget_type=\"text-editor.default\">\n\t\t\t\t<div class=\"elementor-widget-container\">\n\t\t\t\t\t\t\t\t\t<p>Besucher erhalten beim Betreten der Messe einen Ausweis, mit dem sie den Ausweisleser an Ihrem Stand einfach scannen k\u00f6nnen. Damit erhalten sie am n\u00e4chsten Morgen Ihre Produkt- und Unternehmensinformationen (die Sie in My Easyfairs eingegeben haben) per E-Mail.<\/p>\n\t\t\t\t\t\t\t\t<\/div>\n\t\t\t\t<\/div>\n\t\t\t\t\t<\/div>\n\t\t<\/div>\n\t\t\t\t<div class=\"elementor-column elementor-col-50 elementor-top-column elementor-element elementor-element-651077ad\" data-id=\"651077ad\" data-element_type=\"column\">\n\t\t\t<div class=\"elementor-widget-wrap elementor-element-populated\">\n\t\t\t\t\t\t<div class=\"elementor-element elementor-element-4fad352b elementor-widget elementor-widget-video\" data-id=\"4fad352b\" data-element_type=\"widget\" data-settings=\"{&quot;youtube_url&quot;:&quot;https:\\\/\\\/youtu.be\\\/5elaswu7Bd0&quot;,&quot;video_type&quot;:&quot;youtube&quot;,&quot;controls&quot;:&quot;yes&quot;}\" data-widget_type=\"video.default\">\n\t\t\t\t<div class=\"elementor-widget-container\">\n\t\t\t\t\t\t\t<div class=\"elementor-wrapper elementor-open-inline\">\n\t\t\t<div class=\"elementor-video\"><\/div>\t\t<\/div>\n\t\t\t\t\t\t<\/div>\n\t\t\t\t<\/div>\n\t\t\t\t\t<\/div>\n\t\t<\/div>\n\t\t\t\t\t<\/div>\n\t\t<\/section>\n\t\t\t\t<section class=\"elementor-section elementor-top-section elementor-element elementor-element-f11a536 elementor-section-boxed elementor-section-height-default elementor-section-height-default\" data-id=\"f11a536\" data-element_type=\"section\" data-settings=\"{&quot;background_background&quot;:&quot;gradient&quot;}\">\n\t\t\t\t\t\t<div class=\"elementor-container elementor-column-gap-default\">\n\t\t\t\t\t<div class=\"elementor-column elementor-col-100 elementor-top-column elementor-element elementor-element-1318bf01\" data-id=\"1318bf01\" data-element_type=\"column\">\n\t\t\t<div class=\"elementor-widget-wrap elementor-element-populated\">\n\t\t\t\t\t\t<div class=\"elementor-element elementor-element-52566099 elementor-widget elementor-widget-heading\" data-id=\"52566099\" data-element_type=\"widget\" data-widget_type=\"heading.default\">\n\t\t\t\t<div class=\"elementor-widget-container\">\n\t\t\t\t\t<h3 class=\"elementor-heading-title elementor-size-default\">Ihre Vorteile als Aussteller<\/h3>\t\t\t\t<\/div>\n\t\t\t\t<\/div>\n\t\t\t\t<div class=\"elementor-element elementor-element-744bebd elementor-position-left elementor-view-default elementor-mobile-position-top elementor-widget elementor-widget-icon-box\" data-id=\"744bebd\" data-element_type=\"widget\" data-widget_type=\"icon-box.default\">\n\t\t\t\t<div class=\"elementor-widget-container\">\n\t\t\t\t\t\t\t<div class=\"elementor-icon-box-wrapper\">\n\n\t\t\t\t\t\t<div class=\"elementor-icon-box-icon\">\n\t\t\t\t<span  class=\"elementor-icon\">\n\t\t\t\t<i aria-hidden=\"true\" class=\"fas fa-check\"><\/i>\t\t\t\t<\/span>\n\t\t\t<\/div>\n\t\t\t\n\t\t\t\t\t\t<div class=\"elementor-icon-box-content\">\n\n\t\t\t\t\t\t\t\t\t<h5 class=\"elementor-icon-box-title\">\n\t\t\t\t\t\t<span  >\n\t\t\t\t\t\t\tGeben Sie Unternehmensinformationen einfach weiter\t\t\t\t\t\t<\/span>\n\t\t\t\t\t<\/h5>\n\t\t\t\t\n\t\t\t\t\t\t\t\t\t<p class=\"elementor-icon-box-description\">\n\t\t\t\t\t\tBesucher, die nicht mit Ihnen gesprochen haben, k\u00f6nnen Ihre Produkt- und Unternehmensinformationen einfach per E-Mail erhalten, indem sie den Smart Badge Reader mit dem Ausweis, den sie beim Eintritt erhalten, scannen.\r\n\r\n\t\t\t\t\t<\/p>\n\t\t\t\t\n\t\t\t<\/div>\n\t\t\t\n\t\t<\/div>\n\t\t\t\t\t\t<\/div>\n\t\t\t\t<\/div>\n\t\t\t\t<div class=\"elementor-element elementor-element-2377563d elementor-position-left elementor-view-default elementor-mobile-position-top elementor-widget elementor-widget-icon-box\" data-id=\"2377563d\" data-element_type=\"widget\" data-widget_type=\"icon-box.default\">\n\t\t\t\t<div class=\"elementor-widget-container\">\n\t\t\t\t\t\t\t<div class=\"elementor-icon-box-wrapper\">\n\n\t\t\t\t\t\t<div class=\"elementor-icon-box-icon\">\n\t\t\t\t<span  class=\"elementor-icon\">\n\t\t\t\t<i aria-hidden=\"true\" class=\"fas fa-check\"><\/i>\t\t\t\t<\/span>\n\t\t\t<\/div>\n\t\t\t\n\t\t\t\t\t\t<div class=\"elementor-icon-box-content\">\n\n\t\t\t\t\t\t\t\t\t<h5 class=\"elementor-icon-box-title\">\n\t\t\t\t\t\t<span  >\n\t\t\t\t\t\t\tReduzieren Sie Kosten und Verschwendung\t\t\t\t\t\t<\/span>\n\t\t\t\t\t<\/h5>\n\t\t\t\t\n\t\t\t\t\t\t\t\t\t<p class=\"elementor-icon-box-description\">\n\t\t\t\t\t\tDank digitaler Informationen k\u00f6nnen Sie sich Brosch\u00fcren, Kataloge und andere Druckerzeugnisse sparen. Das bedeutet weniger (Transport-)Kosten und kein Risiko, dass die Besucher das Material unterwegs \u201everlieren\u201c.\r\n\r\n\t\t\t\t\t<\/p>\n\t\t\t\t\n\t\t\t<\/div>\n\t\t\t\n\t\t<\/div>\n\t\t\t\t\t\t<\/div>\n\t\t\t\t<\/div>\n\t\t\t\t<div class=\"elementor-element elementor-element-613709b1 elementor-position-left elementor-view-default elementor-mobile-position-top elementor-widget elementor-widget-icon-box\" data-id=\"613709b1\" data-element_type=\"widget\" data-widget_type=\"icon-box.default\">\n\t\t\t\t<div class=\"elementor-widget-container\">\n\t\t\t\t\t\t\t<div class=\"elementor-icon-box-wrapper\">\n\n\t\t\t\t\t\t<div class=\"elementor-icon-box-icon\">\n\t\t\t\t<span  class=\"elementor-icon\">\n\t\t\t\t<i aria-hidden=\"true\" class=\"fas fa-check\"><\/i>\t\t\t\t<\/span>\n\t\t\t<\/div>\n\t\t\t\n\t\t\t\t\t\t<div class=\"elementor-icon-box-content\">\n\n\t\t\t\t\t\t\t\t\t<h5 class=\"elementor-icon-box-title\">\n\t\t\t\t\t\t<span  >\n\t\t\t\t\t\t\tStimulieren Sie das Besuchererlebnis\t\t\t\t\t\t<\/span>\n\t\t\t\t\t<\/h5>\n\t\t\t\t\n\t\t\t\t\t\t\t\t\t<p class=\"elementor-icon-box-description\">\n\t\t\t\t\t\tBesucher, die Ihren Smart Badge Reader mit ihrem Ausweis scannen, erhalten die Informationen auf digitalem Weg. Diese Daten k\u00f6nnen sie einfach per E-Mail oder Social Media mit ihren Kollegen und Bekannten teilen.\r\n\r\n\t\t\t\t\t<\/p>\n\t\t\t\t\n\t\t\t<\/div>\n\t\t\t\n\t\t<\/div>\n\t\t\t\t\t\t<\/div>\n\t\t\t\t<\/div>\n\t\t\t\t<div class=\"elementor-element elementor-element-693b0cd2 elementor-position-left elementor-view-default elementor-mobile-position-top elementor-widget elementor-widget-icon-box\" data-id=\"693b0cd2\" data-element_type=\"widget\" data-widget_type=\"icon-box.default\">\n\t\t\t\t<div class=\"elementor-widget-container\">\n\t\t\t\t\t\t\t<div class=\"elementor-icon-box-wrapper\">\n\n\t\t\t\t\t\t<div class=\"elementor-icon-box-icon\">\n\t\t\t\t<span  class=\"elementor-icon\">\n\t\t\t\t<i aria-hidden=\"true\" class=\"fas fa-check\"><\/i>\t\t\t\t<\/span>\n\t\t\t<\/div>\n\t\t\t\n\t\t\t\t\t\t<div class=\"elementor-icon-box-content\">\n\n\t\t\t\t\t\t\t\t\t<h5 class=\"elementor-icon-box-title\">\n\t\t\t\t\t\t<span  >\n\t\t\t\t\t\t\tSo ergeben sich auch f\u00fcr Sie mehr Kontakte und M\u00f6glichkeiten.\t\t\t\t\t\t<\/span>\n\t\t\t\t\t<\/h5>\n\t\t\t\t\n\t\t\t\t\t\t\t\t\t<p class=\"elementor-icon-box-description\">\n\t\t\t\t\t\tZur optimalen Lead-Generierung k\u00f6nnen Sie den Einsatz des Smart Badge Readers mit dem Visit Connect Tool kombinieren. Damit ergreifen Sie selbst die Initiative und scannen die Ausweise interessanter Besucher, mit denen Sie sich w\u00e4hrend der Messe unterhalten. In dem Tool k\u00f6nnen Notizen und Kommentare hinzugef\u00fcgt werden, mit denen die Nachverfolgung von Gespr\u00e4chen noch einfacher wird. Regen Sie Besucher dazu an, Ihren Ausweisleser zu scannen, damit Sie auch Informationen mit Besuchern austauschen, mit denen Sie keine Gespr\u00e4che gef\u00fchrt haben.\r\n\r\n\t\t\t\t\t<\/p>\n\t\t\t\t\n\t\t\t<\/div>\n\t\t\t\n\t\t<\/div>\n\t\t\t\t\t\t<\/div>\n\t\t\t\t<\/div>\n\t\t\t\t<div class=\"elementor-element elementor-element-74c36dec elementor-position-left elementor-view-default elementor-mobile-position-top elementor-widget elementor-widget-icon-box\" data-id=\"74c36dec\" data-element_type=\"widget\" data-widget_type=\"icon-box.default\">\n\t\t\t\t<div class=\"elementor-widget-container\">\n\t\t\t\t\t\t\t<div class=\"elementor-icon-box-wrapper\">\n\n\t\t\t\t\t\t<div class=\"elementor-icon-box-icon\">\n\t\t\t\t<span  class=\"elementor-icon\">\n\t\t\t\t<i aria-hidden=\"true\" class=\"fas fa-check\"><\/i>\t\t\t\t<\/span>\n\t\t\t<\/div>\n\t\t\t\n\t\t\t\t\t\t<div class=\"elementor-icon-box-content\">\n\n\t\t\t\t\t\t\t\t\t<h5 class=\"elementor-icon-box-title\">\n\t\t\t\t\t\t<span  >\n\t\t\t\t\t\t\tVereinfachte Lead-Generierung nach der Messe\t\t\t\t\t\t<\/span>\n\t\t\t\t\t<\/h5>\n\t\t\t\t\n\t\t\t\t\t\t\t\t\t<p class=\"elementor-icon-box-description\">\n\t\t\t\t\t\tNach der Messe erhalten Sie eine Liste der Besucher, die Ihre Unternehmensinformationen digital erfasst haben. Die zeitraubende \u00dcbertragung von Visitenkarten und Kontaktformularen in Ihre Datenbank entf\u00e4llt. Dies wiederum f\u00fchrt zu einer leichteren Weiterverfolgung von Leads.\t\t\t\t\t<\/p>\n\t\t\t\t\n\t\t\t<\/div>\n\t\t\t\n\t\t<\/div>\n\t\t\t\t\t\t<\/div>\n\t\t\t\t<\/div>\n\t\t\t\t\t<\/div>\n\t\t<\/div>\n\t\t\t\t\t<\/div>\n\t\t<\/section>\n\t\t\t\t<section class=\"elementor-section elementor-top-section elementor-element elementor-element-5d6407fa elementor-section-boxed elementor-section-height-default elementor-section-height-default\" data-id=\"5d6407fa\" data-element_type=\"section\">\n\t\t\t\t\t\t<div class=\"elementor-container elementor-column-gap-default\">\n\t\t\t\t\t<div class=\"elementor-column elementor-col-33 elementor-top-column elementor-element elementor-element-26f81211 elementor-hidden-phone\" data-id=\"26f81211\" data-element_type=\"column\" data-settings=\"{&quot;background_background&quot;:&quot;classic&quot;}\">\n\t\t\t<div class=\"elementor-widget-wrap elementor-element-populated\">\n\t\t\t\t\t\t<div class=\"elementor-element elementor-element-10c14b52 elementor-widget elementor-widget-spacer\" data-id=\"10c14b52\" data-element_type=\"widget\" data-widget_type=\"spacer.default\">\n\t\t\t\t<div class=\"elementor-widget-container\">\n\t\t\t\t\t\t\t<div class=\"elementor-spacer\">\n\t\t\t<div class=\"elementor-spacer-inner\"><\/div>\n\t\t<\/div>\n\t\t\t\t\t\t<\/div>\n\t\t\t\t<\/div>\n\t\t\t\t\t<\/div>\n\t\t<\/div>\n\t\t\t\t<div class=\"elementor-column elementor-col-66 elementor-top-column elementor-element elementor-element-211a6051\" data-id=\"211a6051\" data-element_type=\"column\">\n\t\t\t<div class=\"elementor-widget-wrap elementor-element-populated\">\n\t\t\t\t\t\t<div class=\"elementor-element elementor-element-56ef0dd1 elementor-widget elementor-widget-heading\" data-id=\"56ef0dd1\" data-element_type=\"widget\" data-widget_type=\"heading.default\">\n\t\t\t\t<div class=\"elementor-widget-container\">\n\t\t\t\t\t<h3 class=\"elementor-heading-title elementor-size-default\">Was ist W\u00e4hrend der Dutch Pork &amp; Poultry Expo M\u00f6glich?<\/h3>\t\t\t\t<\/div>\n\t\t\t\t<\/div>\n\t\t\t\t<div class=\"elementor-element elementor-element-11d8f15d elementor-widget elementor-widget-text-editor\" data-id=\"11d8f15d\" data-element_type=\"widget\" data-widget_type=\"text-editor.default\">\n\t\t\t\t<div class=\"elementor-widget-container\">\n\t\t\t\t\t\t\t\t\t<ol>\n<li>Platzieren Sie den Ausweisleser an Ihrem Stand: im Sichtfeld Ihres Besuchers, leicht zug\u00e4nglich und in der richtigen H\u00f6he zum einfachen Scannen. Brauchen Sie Rat? Wir sind bereit f\u00fcr Sie!<br \/>\nDie Batterien des Ausweislesers halten eine ganze Messe.<br \/>\nLassen Sie den Ausweisleser am Ende des letzten Messetages im Stand.<br \/>\nNach der Messe erhalten Sie die Liste der Besucher, die den\/die Ausweisleser an Ihrem Stand gescannt haben. Sie k\u00f6nnen diese Informationen auch \u00fcber My Easyfairs anfordern.<\/li>\n<li>Die Batterien des Leseger\u00e4tes reichen f\u00fcr die Dauer der gesamten Messe aus.<\/li>\n<li>Geben Sie den Smart Badge Reader am Ende des letzten Messetages zur\u00fcck.<\/li>\n<li>Nach der Messe erhalten Sie die Liste der Besucher, die den\/die Smart Badge Reader an Ihrem Stand gescannt haben. Sie k\u00f6nnen diese Informationen auch \u00fcber My Easyfairs aufrufen.<\/li>\n<\/ol>\n\t\t\t\t\t\t\t\t<\/div>\n\t\t\t\t<\/div>\n\t\t\t\t<div class=\"elementor-element elementor-element-249d64fc elementor-widget elementor-widget-text-editor\" data-id=\"249d64fc\" data-element_type=\"widget\" data-widget_type=\"text-editor.default\">\n\t\t\t\t<div class=\"elementor-widget-container\">\n\t\t\t\t\t\t\t\t\t<p><em>Bitte beachten Sie: Der Ausweisleser bleibt Eigentum von Visit by GES. Nicht zur\u00fcckgebrachte Smart Badge Reader werden zum Preis von 500\u00a0\u20ac in Rechnung gestellt.<\/em><\/p>\n\t\t\t\t\t\t\t\t<\/div>\n\t\t\t\t<\/div>\n\t\t\t\t\t<\/div>\n\t\t<\/div>\n\t\t\t\t\t<\/div>\n\t\t<\/section>\n\t\t\t\t<\/div>\n\t\t","protected":false},"excerpt":{"rendered":"<p>Machen Sie noch Mehr aus Ihrem Ausweisleser Verwandeln Sie Besucher in wertvolle Leads Was Macht der Ausweisleser Der Smart Badge Reader, der smarte Ausweisleser, die Sie als Aussteller w\u00e4hrend der Messe erhalten, wird das Besuchererlebnis noch weiter verbessern. Mit diesen Lesern k\u00f6nnen sich die Besucher leicht \u00fcber Ihr Unternehmen, Ihre Produkte und vielleicht sogar \u00fcber [&hellip;]<\/p>\n","protected":false},"author":82,"featured_media":0,"parent":4408,"menu_order":0,"comment_status":"closed","ping_status":"closed","template":"","meta":{"_seopress_robots_primary_cat":"","_seopress_titles_title":"","_seopress_titles_desc":"","_seopress_robots_index":"","footnotes":""},"class_list":["post-4425","page","type-page","status-publish","hentry"],"_links":{"self":[{"href":"https:\/\/www.porkpoultryexpo.nl\/de\/wp-json\/wp\/v2\/pages\/4425","targetHints":{"allow":["GET"]}}],"collection":[{"href":"https:\/\/www.porkpoultryexpo.nl\/de\/wp-json\/wp\/v2\/pages"}],"about":[{"href":"https:\/\/www.porkpoultryexpo.nl\/de\/wp-json\/wp\/v2\/types\/page"}],"author":[{"embeddable":true,"href":"https:\/\/www.porkpoultryexpo.nl\/de\/wp-json\/wp\/v2\/users\/82"}],"replies":[{"embeddable":true,"href":"https:\/\/www.porkpoultryexpo.nl\/de\/wp-json\/wp\/v2\/comments?post=4425"}],"version-history":[{"count":5,"href":"https:\/\/www.porkpoultryexpo.nl\/de\/wp-json\/wp\/v2\/pages\/4425\/revisions"}],"predecessor-version":[{"id":48312,"href":"https:\/\/www.porkpoultryexpo.nl\/de\/wp-json\/wp\/v2\/pages\/4425\/revisions\/48312"}],"up":[{"embeddable":true,"href":"https:\/\/www.porkpoultryexpo.nl\/de\/wp-json\/wp\/v2\/pages\/4408"}],"wp:attachment":[{"href":"https:\/\/www.porkpoultryexpo.nl\/de\/wp-json\/wp\/v2\/media?parent=4425"}],"curies":[{"name":"wp","href":"https:\/\/api.w.org\/{rel}","templated":true}]}}