{"id":4432,"date":"2019-07-08T10:31:49","date_gmt":"2019-07-08T09:31:49","guid":{"rendered":"https:\/\/www.porkpoultryexpo.nl\/ich-bin-aussteller\/wir-machen-ihre-teilnahme-easy\/"},"modified":"2025-02-26T15:54:40","modified_gmt":"2025-02-26T14:54:40","slug":"wir-machen-ihre-teilnahme-easy","status":"publish","type":"page","link":"https:\/\/www.porkpoultryexpo.nl\/de\/ich-bin-aussteller\/wir-machen-ihre-teilnahme-easy\/","title":{"rendered":"Wir machen Ihre Teilnahme ,,Easy\u2018\u2018"},"content":{"rendered":"\t\t<div data-elementor-type=\"wp-post\" data-elementor-id=\"4432\" class=\"elementor elementor-4432 elementor-1635\" data-elementor-post-type=\"page\">\n\t\t\t\t\t\t<section class=\"elementor-section elementor-top-section elementor-element elementor-element-a6ab5ff elementor-section-boxed elementor-section-height-default elementor-section-height-default\" data-id=\"a6ab5ff\" data-element_type=\"section\">\n\t\t\t\t\t\t<div class=\"elementor-container elementor-column-gap-default\">\n\t\t\t\t\t<div class=\"elementor-column elementor-col-100 elementor-top-column elementor-element elementor-element-f901935\" data-id=\"f901935\" data-element_type=\"column\">\n\t\t\t<div class=\"elementor-widget-wrap elementor-element-populated\">\n\t\t\t\t\t\t<div class=\"elementor-element elementor-element-b3e26a9 elementor-widget elementor-widget-heading\" data-id=\"b3e26a9\" data-element_type=\"widget\" data-widget_type=\"heading.default\">\n\t\t\t\t<div class=\"elementor-widget-container\">\n\t\t\t\t\t<h2 class=\"elementor-heading-title elementor-size-default\">Wir machen Ihre Teilnahme ,,Easy\u2018\u2018<\/h2>\t\t\t\t<\/div>\n\t\t\t\t<\/div>\n\t\t\t\t<div class=\"elementor-element elementor-element-15daa69 elementor-widget elementor-widget-text-editor\" data-id=\"15daa69\" data-element_type=\"widget\" data-widget_type=\"text-editor.default\">\n\t\t\t\t<div class=\"elementor-widget-container\">\n\t\t\t\t\t\t\t\t\t<p>Es ist \u201eEasy\u201c, einen Stand zu buchen. Mit uns wird es auch \u201eEasy\u201c, Ihre Produkte und Dienstleistungen auf der Messe attraktiv zu pr\u00e4sentieren, mit Interessenten und Kunden in Kontakt zu treten und Gesch\u00e4fte zu machen. Wenn Sie Aussteller auf den Dutch Pork &amp; Poultry Expo sind, brauchen Sie sich nur auf die Teilnahme an der Messe zu konzentrieren. Den Rest? Den erledigen wir<\/p>\n\t\t\t\t\t\t\t\t<\/div>\n\t\t\t\t<\/div>\n\t\t\t\t<div class=\"elementor-element elementor-element-9cf1336 elementor-widget elementor-widget-video\" data-id=\"9cf1336\" data-element_type=\"widget\" data-settings=\"{&quot;youtube_url&quot;:&quot;https:\\\/\\\/www.youtube.com\\\/watch?v=LuSRPFcGpEU&quot;,&quot;video_type&quot;:&quot;youtube&quot;,&quot;controls&quot;:&quot;yes&quot;}\" data-widget_type=\"video.default\">\n\t\t\t\t<div class=\"elementor-widget-container\">\n\t\t\t\t\t\t\t<div class=\"elementor-wrapper elementor-open-inline\">\n\t\t\t<div class=\"elementor-video\"><\/div>\t\t<\/div>\n\t\t\t\t\t\t<\/div>\n\t\t\t\t<\/div>\n\t\t\t\t\t<\/div>\n\t\t<\/div>\n\t\t\t\t\t<\/div>\n\t\t<\/section>\n\t\t\t\t<section class=\"elementor-section elementor-top-section elementor-element elementor-element-dd549bb elementor-section-boxed elementor-section-height-default elementor-section-height-default\" data-id=\"dd549bb\" data-element_type=\"section\" data-settings=\"{&quot;background_background&quot;:&quot;gradient&quot;}\">\n\t\t\t\t\t\t<div class=\"elementor-container elementor-column-gap-default\">\n\t\t\t\t\t<div class=\"elementor-column elementor-col-33 elementor-top-column elementor-element elementor-element-da4465b elementor-hidden-tablet elementor-hidden-mobile\" data-id=\"da4465b\" data-element_type=\"column\">\n\t\t\t<div class=\"elementor-widget-wrap\">\n\t\t\t\t\t\t\t<\/div>\n\t\t<\/div>\n\t\t\t\t<div class=\"elementor-column elementor-col-33 elementor-top-column elementor-element elementor-element-ef22376\" data-id=\"ef22376\" data-element_type=\"column\">\n\t\t\t<div class=\"elementor-widget-wrap elementor-element-populated\">\n\t\t\t\t\t\t<div class=\"elementor-element elementor-element-1bcb77a elementor-widget elementor-widget-heading\" data-id=\"1bcb77a\" data-element_type=\"widget\" data-widget_type=\"heading.default\">\n\t\t\t\t<div class=\"elementor-widget-container\">\n\t\t\t\t\t<h2 class=\"elementor-heading-title elementor-size-default\">Was k\u00f6nnen Sie von dem Service erwarten, den Easyfairs Ihnen als Aussteller bietet?<\/h2>\t\t\t\t<\/div>\n\t\t\t\t<\/div>\n\t\t\t\t<div class=\"elementor-element elementor-element-bec030f elementor-align-left elementor-icon-list--layout-traditional elementor-list-item-link-full_width elementor-widget elementor-widget-icon-list\" data-id=\"bec030f\" data-element_type=\"widget\" data-widget_type=\"icon-list.default\">\n\t\t\t\t<div class=\"elementor-widget-container\">\n\t\t\t\t\t\t\t<ul class=\"elementor-icon-list-items\">\n\t\t\t\t\t\t\t<li class=\"elementor-icon-list-item\">\n\t\t\t\t\t\t\t\t\t\t\t<span class=\"elementor-icon-list-icon\">\n\t\t\t\t\t\t\t<i aria-hidden=\"true\" class=\"fas fa-check\"><\/i>\t\t\t\t\t\t<\/span>\n\t\t\t\t\t\t\t\t\t\t<span class=\"elementor-icon-list-text\">Easyfairs ist als Eigent\u00fcmer der Evenementenhal Hardenberg. Als Aussteller m\u00f6chten Sie w\u00e4hrend der Messe Gesch\u00e4fte machen, Menschen treffen und Gesch\u00e4ftsbeziehungen pflegen. Darauf sollten Sie sich vollkommen konzentrieren k\u00f6nnen. Deshalb nimmt die Organisation von Dutch Pork &amp; Poultry Expo Ihnen so viel wie m\u00f6glich ab, damit Sie sich auf Ihre Gesch\u00e4ftsziele konzentrieren k\u00f6nnen. Daf\u00fcr investieren Sie in die Teilnahme an den Dutch Pork &amp; Poultry Expo.<\/span>\n\t\t\t\t\t\t\t\t\t<\/li>\n\t\t\t\t\t\t\t\t<li class=\"elementor-icon-list-item\">\n\t\t\t\t\t\t\t\t\t\t\t<span class=\"elementor-icon-list-icon\">\n\t\t\t\t\t\t\t<i aria-hidden=\"true\" class=\"fas fa-check\"><\/i>\t\t\t\t\t\t<\/span>\n\t\t\t\t\t\t\t\t\t\t<span class=\"elementor-icon-list-text\">Bei Easyfairs wissen wir, wie wir Ihnen die Dinge erleichtern k\u00f6nnen. Wir bieten nicht nur eine professionelle Event-Location, sondern unterst\u00fctzen Sie dabei, selbst als gute\/r Gastgeber\/in aufzutreten. Dies ist unsere St\u00e4rke und unsere Motivation.<\/span>\n\t\t\t\t\t\t\t\t\t<\/li>\n\t\t\t\t\t\t\t\t<li class=\"elementor-icon-list-item\">\n\t\t\t\t\t\t\t\t\t\t\t<span class=\"elementor-icon-list-icon\">\n\t\t\t\t\t\t\t<i aria-hidden=\"true\" class=\"fas fa-check\"><\/i>\t\t\t\t\t\t<\/span>\n\t\t\t\t\t\t\t\t\t\t<span class=\"elementor-icon-list-text\">Im Vorfeld der Teilnahme werden Sie unser Event Services Team kennenlernen. Es teilt sein Wissen gerne mit Ihnen, damit Ihre Teilnahme an der Messe f\u00fcr Sie noch wertvoller wird. Weiterhin stehen diverse zus\u00e4tzliche Dienstleistungen und Produkte zur Verf\u00fcgung, mit denen Sie Ihren Stand noch besser nach Ihren Vorstellungen gestalten k\u00f6nnen. Die Teammitglieder von Event Services sind vor und w\u00e4hrend der Messe gerne f\u00fcr Sie da. Sie helfen mit dem Ausstellerhandbuch und nat\u00fcrlich auch bei Last-Minute-Bestellungen und Fragen.<\/span>\n\t\t\t\t\t\t\t\t\t<\/li>\n\t\t\t\t\t\t<\/ul>\n\t\t\t\t\t\t<\/div>\n\t\t\t\t<\/div>\n\t\t\t\t\t<\/div>\n\t\t<\/div>\n\t\t\t\t<div class=\"elementor-column elementor-col-33 elementor-top-column elementor-element elementor-element-f3e8113\" data-id=\"f3e8113\" data-element_type=\"column\">\n\t\t\t<div class=\"elementor-widget-wrap\">\n\t\t\t\t\t\t\t<\/div>\n\t\t<\/div>\n\t\t\t\t\t<\/div>\n\t\t<\/section>\n\t\t\t\t<section class=\"elementor-section elementor-top-section elementor-element elementor-element-06b770f elementor-section-boxed elementor-section-height-default elementor-section-height-default\" data-id=\"06b770f\" data-element_type=\"section\">\n\t\t\t\t\t\t<div class=\"elementor-container elementor-column-gap-default\">\n\t\t\t\t\t<div class=\"elementor-column elementor-col-100 elementor-top-column elementor-element elementor-element-c84969a\" data-id=\"c84969a\" data-element_type=\"column\">\n\t\t\t<div class=\"elementor-widget-wrap elementor-element-populated\">\n\t\t\t\t\t\t<div class=\"elementor-element elementor-element-e9bdce4 elementor-widget elementor-widget-heading\" data-id=\"e9bdce4\" data-element_type=\"widget\" data-widget_type=\"heading.default\">\n\t\t\t\t<div class=\"elementor-widget-container\">\n\t\t\t\t\t<h2 class=\"elementor-heading-title elementor-size-default\">Alle Servicebereiche im \u00dcberlick<\/h2>\t\t\t\t<\/div>\n\t\t\t\t<\/div>\n\t\t\t\t<section class=\"elementor-section elementor-inner-section elementor-element elementor-element-2ac66fc elementor-section-boxed elementor-section-height-default elementor-section-height-default\" data-id=\"2ac66fc\" data-element_type=\"section\">\n\t\t\t\t\t\t<div class=\"elementor-container elementor-column-gap-default\">\n\t\t\t\t\t<div class=\"elementor-column elementor-col-50 elementor-inner-column elementor-element elementor-element-bb88246\" data-id=\"bb88246\" data-element_type=\"column\">\n\t\t\t<div class=\"elementor-widget-wrap elementor-element-populated\">\n\t\t\t\t\t\t<div class=\"elementor-element elementor-element-688920e elementor-icon-list--layout-traditional elementor-list-item-link-full_width elementor-widget elementor-widget-icon-list\" data-id=\"688920e\" data-element_type=\"widget\" data-widget_type=\"icon-list.default\">\n\t\t\t\t<div class=\"elementor-widget-container\">\n\t\t\t\t\t\t\t<ul class=\"elementor-icon-list-items\">\n\t\t\t\t\t\t\t<li class=\"elementor-icon-list-item\">\n\t\t\t\t\t\t\t\t\t\t\t<span class=\"elementor-icon-list-icon\">\n\t\t\t\t\t\t\t<i aria-hidden=\"true\" class=\"far fa-dot-circle\"><\/i>\t\t\t\t\t\t<\/span>\n\t\t\t\t\t\t\t\t\t\t<span class=\"elementor-icon-list-text\">Die Messeorganisation steht Ihnen jederzeit zur Verf\u00fcgung und ist gerne beim Aufbau, w\u00e4hrend der Veranstaltung und beim Abbau f\u00fcr Sie da.<\/span>\n\t\t\t\t\t\t\t\t\t<\/li>\n\t\t\t\t\t\t\t\t<li class=\"elementor-icon-list-item\">\n\t\t\t\t\t\t\t\t\t\t\t<span class=\"elementor-icon-list-icon\">\n\t\t\t\t\t\t\t<i aria-hidden=\"true\" class=\"far fa-dot-circle\"><\/i>\t\t\t\t\t\t<\/span>\n\t\t\t\t\t\t\t\t\t\t<span class=\"elementor-icon-list-text\">Nutzen Sie den Messebau von Easyfairs? Dann erhalten Sie als Aussteller eine komplett aufgebaute, fertiggestellte und gereinigte Standeinheit: Bodenfl\u00e4che, W\u00e4nde, Leiste mit Namensbeschriftung, Beleuchtung durch Duo-Strahler und Bodenbelag.<\/span>\n\t\t\t\t\t\t\t\t\t<\/li>\n\t\t\t\t\t\t\t\t<li class=\"elementor-icon-list-item\">\n\t\t\t\t\t\t\t\t\t\t\t<span class=\"elementor-icon-list-icon\">\n\t\t\t\t\t\t\t<i aria-hidden=\"true\" class=\"far fa-dot-circle\"><\/i>\t\t\t\t\t\t<\/span>\n\t\t\t\t\t\t\t\t\t\t<span class=\"elementor-icon-list-text\">Als Teilnehmer k\u00f6nnen Sie das Cateringangebot auf dem Messegel\u00e4nde mit Ihren Gesch\u00e4ftskunden kostenlos nutzen.<\/span>\n\t\t\t\t\t\t\t\t\t<\/li>\n\t\t\t\t\t\t\t\t<li class=\"elementor-icon-list-item\">\n\t\t\t\t\t\t\t\t\t\t\t<span class=\"elementor-icon-list-icon\">\n\t\t\t\t\t\t\t<i aria-hidden=\"true\" class=\"far fa-dot-circle\"><\/i>\t\t\t\t\t\t<\/span>\n\t\t\t\t\t\t\t\t\t\t<span class=\"elementor-icon-list-text\">Ausreichend Parkm\u00f6glichkeiten f\u00fcr Sie und Ihre Gesch\u00e4ftspartner auf unserem Parkplatz.<\/span>\n\t\t\t\t\t\t\t\t\t<\/li>\n\t\t\t\t\t\t<\/ul>\n\t\t\t\t\t\t<\/div>\n\t\t\t\t<\/div>\n\t\t\t\t\t<\/div>\n\t\t<\/div>\n\t\t\t\t<div class=\"elementor-column elementor-col-50 elementor-inner-column elementor-element elementor-element-730e90d\" data-id=\"730e90d\" data-element_type=\"column\">\n\t\t\t<div class=\"elementor-widget-wrap elementor-element-populated\">\n\t\t\t\t\t\t<div class=\"elementor-element elementor-element-33474f2 elementor-icon-list--layout-traditional elementor-list-item-link-full_width elementor-widget elementor-widget-icon-list\" data-id=\"33474f2\" data-element_type=\"widget\" data-widget_type=\"icon-list.default\">\n\t\t\t\t<div class=\"elementor-widget-container\">\n\t\t\t\t\t\t\t<ul class=\"elementor-icon-list-items\">\n\t\t\t\t\t\t\t<li class=\"elementor-icon-list-item\">\n\t\t\t\t\t\t\t\t\t\t\t<span class=\"elementor-icon-list-icon\">\n\t\t\t\t\t\t\t<i aria-hidden=\"true\" class=\"far fa-dot-circle\"><\/i>\t\t\t\t\t\t<\/span>\n\t\t\t\t\t\t\t\t\t\t<span class=\"elementor-icon-list-text\">Im Vorfeld Ihrer Teilnahme bietet die Organisation der Dutch Pork &amp; Poultry Expo verschiedene M\u00f6glichkeiten, um f\u00fcr Ihre Messeteilnahme zu werben, damit Sie w\u00e4hrend der Veranstaltung die richtige Zielgruppe treffen.<\/span>\n\t\t\t\t\t\t\t\t\t<\/li>\n\t\t\t\t\t\t\t\t<li class=\"elementor-icon-list-item\">\n\t\t\t\t\t\t\t\t\t\t\t<span class=\"elementor-icon-list-icon\">\n\t\t\t\t\t\t\t<i aria-hidden=\"true\" class=\"far fa-dot-circle\"><\/i>\t\t\t\t\t\t<\/span>\n\t\t\t\t\t\t\t\t\t\t<span class=\"elementor-icon-list-text\">Kostenloser Einladungsservice: 65% der Besucher kommen \u00fcber den Einladungsservice von Easyfairs. Sie sparen die gesamte Zeit und (Layout- und Druck-)Kosten, die normalerweise mit einer Einladungskarte verbunden w\u00e4ren! In der postalischen Einladung nennen wir Ihren Firmennamen. Damit machen Sie Ihrem Kunden deutlich, dass Sie ihn pers\u00f6nlich einladen. Beziehungen, die auch in unserer E-Mail-Datenbank vorhanden sind, erhalten kein Postst\u00fcck, sondern eine E-Mail mit einem eindeutigen Registrierungscode. Auch Ihr Firmenname wird in dieser E-Mail prominent angezeigt.<\/span>\n\t\t\t\t\t\t\t\t\t<\/li>\n\t\t\t\t\t\t<\/ul>\n\t\t\t\t\t\t<\/div>\n\t\t\t\t<\/div>\n\t\t\t\t\t<\/div>\n\t\t<\/div>\n\t\t\t\t\t<\/div>\n\t\t<\/section>\n\t\t\t\t\t<\/div>\n\t\t<\/div>\n\t\t\t\t\t<\/div>\n\t\t<\/section>\n\t\t\t\t<section class=\"elementor-section elementor-top-section elementor-element elementor-element-ccce7eb elementor-section-boxed elementor-section-height-default elementor-section-height-default\" data-id=\"ccce7eb\" data-element_type=\"section\">\n\t\t\t\t\t\t<div class=\"elementor-container elementor-column-gap-default\">\n\t\t\t\t\t<div class=\"elementor-column elementor-col-100 elementor-top-column elementor-element elementor-element-a8f840b\" data-id=\"a8f840b\" data-element_type=\"column\">\n\t\t\t<div class=\"elementor-widget-wrap elementor-element-populated\">\n\t\t\t\t\t\t<div class=\"elementor-element elementor-element-eba31c2 elementor-widget elementor-widget-spacer\" data-id=\"eba31c2\" data-element_type=\"widget\" data-widget_type=\"spacer.default\">\n\t\t\t\t<div class=\"elementor-widget-container\">\n\t\t\t\t\t\t\t<div class=\"elementor-spacer\">\n\t\t\t<div class=\"elementor-spacer-inner\"><\/div>\n\t\t<\/div>\n\t\t\t\t\t\t<\/div>\n\t\t\t\t<\/div>\n\t\t\t\t\t<\/div>\n\t\t<\/div>\n\t\t\t\t\t<\/div>\n\t\t<\/section>\n\t\t\t\t<section class=\"elementor-section elementor-top-section elementor-element elementor-element-51928e3 elementor-section-boxed elementor-section-height-default elementor-section-height-default\" data-id=\"51928e3\" data-element_type=\"section\">\n\t\t\t\t\t\t<div class=\"elementor-container elementor-column-gap-default\">\n\t\t\t\t\t<div class=\"elementor-column elementor-col-100 elementor-top-column elementor-element elementor-element-0965fa1\" data-id=\"0965fa1\" data-element_type=\"column\">\n\t\t\t<div class=\"elementor-widget-wrap\">\n\t\t\t\t\t\t\t<\/div>\n\t\t<\/div>\n\t\t\t\t\t<\/div>\n\t\t<\/section>\n\t\t\t\t<\/div>\n\t\t","protected":false},"excerpt":{"rendered":"<p>Wir machen Ihre Teilnahme ,,Easy\u2018\u2018 Es ist \u201eEasy\u201c, einen Stand zu buchen. Mit uns wird es auch \u201eEasy\u201c, Ihre Produkte und Dienstleistungen auf der Messe attraktiv zu pr\u00e4sentieren, mit Interessenten und Kunden in Kontakt zu treten und Gesch\u00e4fte zu machen. Wenn Sie Aussteller auf den Dutch Pork &amp; Poultry Expo sind, brauchen Sie sich nur [&hellip;]<\/p>\n","protected":false},"author":82,"featured_media":0,"parent":4408,"menu_order":0,"comment_status":"closed","ping_status":"closed","template":"","meta":{"_seopress_robots_primary_cat":"","_seopress_titles_title":"","_seopress_titles_desc":"","_seopress_robots_index":"","footnotes":""},"class_list":["post-4432","page","type-page","status-publish","hentry"],"_links":{"self":[{"href":"https:\/\/www.porkpoultryexpo.nl\/de\/wp-json\/wp\/v2\/pages\/4432","targetHints":{"allow":["GET"]}}],"collection":[{"href":"https:\/\/www.porkpoultryexpo.nl\/de\/wp-json\/wp\/v2\/pages"}],"about":[{"href":"https:\/\/www.porkpoultryexpo.nl\/de\/wp-json\/wp\/v2\/types\/page"}],"author":[{"embeddable":true,"href":"https:\/\/www.porkpoultryexpo.nl\/de\/wp-json\/wp\/v2\/users\/82"}],"replies":[{"embeddable":true,"href":"https:\/\/www.porkpoultryexpo.nl\/de\/wp-json\/wp\/v2\/comments?post=4432"}],"version-history":[{"count":5,"href":"https:\/\/www.porkpoultryexpo.nl\/de\/wp-json\/wp\/v2\/pages\/4432\/revisions"}],"predecessor-version":[{"id":48291,"href":"https:\/\/www.porkpoultryexpo.nl\/de\/wp-json\/wp\/v2\/pages\/4432\/revisions\/48291"}],"up":[{"embeddable":true,"href":"https:\/\/www.porkpoultryexpo.nl\/de\/wp-json\/wp\/v2\/pages\/4408"}],"wp:attachment":[{"href":"https:\/\/www.porkpoultryexpo.nl\/de\/wp-json\/wp\/v2\/media?parent=4432"}],"curies":[{"name":"wp","href":"https:\/\/api.w.org\/{rel}","templated":true}]}}