{"id":4459,"date":"2019-07-08T14:00:25","date_gmt":"2019-07-08T13:00:25","guid":{"rendered":"https:\/\/www.porkpoultryexpo.nl\/presse\/"},"modified":"2025-02-27T09:51:59","modified_gmt":"2025-02-27T08:51:59","slug":"presse","status":"publish","type":"page","link":"https:\/\/www.porkpoultryexpo.nl\/de\/presse\/","title":{"rendered":"Presse"},"content":{"rendered":"\t\t<div data-elementor-type=\"wp-post\" data-elementor-id=\"4459\" class=\"elementor elementor-4459 elementor-192\" data-elementor-post-type=\"page\">\n\t\t\t\t\t\t<section class=\"elementor-section elementor-top-section elementor-element elementor-element-21ef899 elementor-section-boxed elementor-section-height-default elementor-section-height-default\" data-id=\"21ef899\" data-element_type=\"section\">\n\t\t\t\t\t\t<div class=\"elementor-container elementor-column-gap-default\">\n\t\t\t\t\t<div class=\"elementor-column elementor-col-100 elementor-top-column elementor-element elementor-element-a3e8104\" data-id=\"a3e8104\" data-element_type=\"column\">\n\t\t\t<div class=\"elementor-widget-wrap elementor-element-populated\">\n\t\t\t\t\t\t<div class=\"elementor-element elementor-element-6b9c024 elementor-widget elementor-widget-heading\" data-id=\"6b9c024\" data-element_type=\"widget\" data-widget_type=\"heading.default\">\n\t\t\t\t<div class=\"elementor-widget-container\">\n\t\t\t\t\t<h2 class=\"elementor-heading-title elementor-size-default\">Du bist herzlich willkommen auf der Dutch Pork &amp; Poultry Expo.<\/h2>\t\t\t\t<\/div>\n\t\t\t\t<\/div>\n\t\t\t\t<div class=\"elementor-element elementor-element-2235587 elementor-widget elementor-widget-text-editor\" data-id=\"2235587\" data-element_type=\"widget\" data-widget_type=\"text-editor.default\">\n\t\t\t\t<div class=\"elementor-widget-container\">\n\t\t\t\t\t\t\t\t\t<p>Messeveranstalter Easyfairs Niederlande ist seit \u00fcber 25 Jahren f\u00fcr ihre Gastfreundschaft bekannt. Selbstverst\u00e4ndlich gilt dies auch f\u00fcr Journalisten. Die Akkreditierung f\u00fcr die Dutch Pork &amp; Poultry Expo kann per E-Mail an <a href=\"mailto:pers@easyfairs.com\">pers@easyfairs.com<\/a> beantragt werden. Die Akkreditierung muss sp\u00e4testens 24 Stunden vor der Veranstaltung beantragt werden, danach erh\u00e4ltst du per E-Mail eine Antwort \u00fcber die Zuteilung der Akkreditierung. Als vorab akkreditiertes Pressemitglied erh\u00e4ltst du deine Pressebadge per E-Mail.<\/p>\n\t\t\t\t\t\t\t\t<\/div>\n\t\t\t\t<\/div>\n\t\t\t\t<div class=\"elementor-element elementor-element-6069b95 elementor-widget elementor-widget-heading\" data-id=\"6069b95\" data-element_type=\"widget\" data-widget_type=\"heading.default\">\n\t\t\t\t<div class=\"elementor-widget-container\">\n\t\t\t\t\t<h2 class=\"elementor-heading-title elementor-size-default\">Pressemitteilungen erhalten?<\/h2>\t\t\t\t<\/div>\n\t\t\t\t<\/div>\n\t\t\t\t<div class=\"elementor-element elementor-element-5acce27 elementor-widget elementor-widget-text-editor\" data-id=\"5acce27\" data-element_type=\"widget\" data-widget_type=\"text-editor.default\">\n\t\t\t\t<div class=\"elementor-widget-container\">\n\t\t\t\t\t\t\t\t\t<p>M\u00f6chten Sie Pressemitteilungen von der Dutch Pork &amp; Poultry Expo erhalten? Bitte kontaktieren Sie uns unter <a href=\"mailto:pers@easyfairs.com\">pers@easyfairs.com<\/a>. F\u00fcr weitere Informationen zu Interviewanfragen oder anderen Fragen k\u00f6nnen Sie sich gerne an unsere Presseabteilung wenden.<\/p>\n\t\t\t\t\t\t\t\t<\/div>\n\t\t\t\t<\/div>\n\t\t\t\t\t<\/div>\n\t\t<\/div>\n\t\t\t\t\t<\/div>\n\t\t<\/section>\n\t\t\t\t<section class=\"elementor-section elementor-top-section elementor-element elementor-element-37066b6 elementor-section-boxed elementor-section-height-default elementor-section-height-default\" data-id=\"37066b6\" data-element_type=\"section\" data-settings=\"{&quot;background_background&quot;:&quot;gradient&quot;}\">\n\t\t\t\t\t\t<div class=\"elementor-container elementor-column-gap-default\">\n\t\t\t\t\t<div class=\"elementor-column elementor-col-100 elementor-top-column elementor-element elementor-element-3e85458\" data-id=\"3e85458\" data-element_type=\"column\">\n\t\t\t<div class=\"elementor-widget-wrap elementor-element-populated\">\n\t\t\t\t\t\t<section class=\"elementor-section elementor-inner-section elementor-element elementor-element-e3ac99d elementor-section-content-middle elementor-section-boxed elementor-section-height-default elementor-section-height-default\" data-id=\"e3ac99d\" data-element_type=\"section\">\n\t\t\t\t\t\t<div class=\"elementor-container elementor-column-gap-wide\">\n\t\t\t\t\t<div class=\"elementor-column elementor-col-50 elementor-inner-column elementor-element elementor-element-e3723a6\" data-id=\"e3723a6\" data-element_type=\"column\">\n\t\t\t<div class=\"elementor-widget-wrap elementor-element-populated\">\n\t\t\t\t\t\t<div class=\"elementor-element elementor-element-d0158fc elementor-widget elementor-widget-heading\" data-id=\"d0158fc\" data-element_type=\"widget\" data-widget_type=\"heading.default\">\n\t\t\t\t<div class=\"elementor-widget-container\">\n\t\t\t\t\t<h2 class=\"elementor-heading-title elementor-size-default\">Fragen?<\/h2>\t\t\t\t<\/div>\n\t\t\t\t<\/div>\n\t\t\t\t<div class=\"elementor-element elementor-element-2940aee elementor-widget elementor-widget-text-editor\" data-id=\"2940aee\" data-element_type=\"widget\" data-widget_type=\"text-editor.default\">\n\t\t\t\t<div class=\"elementor-widget-container\">\n\t\t\t\t\t\t\t\t\t<p>Ben\u00f6tigen Sie hochaufl\u00f6sende Fotos oder haben Sie andere spezifische Fragen?<\/p>\n<p>Bitte wenden Sie sich an Patrick Drenthen unter patrick.drenthen@easyfairs.com oder +31 (0) 523 289 867.<\/p>\n\t\t\t\t\t\t\t\t<\/div>\n\t\t\t\t<\/div>\n\t\t\t\t\t<\/div>\n\t\t<\/div>\n\t\t\t\t<div class=\"elementor-column elementor-col-50 elementor-inner-column elementor-element elementor-element-7fa78ef\" data-id=\"7fa78ef\" data-element_type=\"column\">\n\t\t\t<div class=\"elementor-widget-wrap elementor-element-populated\">\n\t\t\t\t\t\t<div class=\"elementor-element elementor-element-23f261c elementor-widget elementor-widget-image\" data-id=\"23f261c\" data-element_type=\"widget\" data-widget_type=\"image.default\">\n\t\t\t\t<div class=\"elementor-widget-container\">\n\t\t\t\t\t\t\t\t\t\t\t\t\t\t\t<img fetchpriority=\"high\" decoding=\"async\" width=\"200\" height=\"300\" src=\"https:\/\/easyfairsassets.com\/sites\/289\/2023\/07\/Patrick-Drenthen-Seijbel-Photography-15-1-200x300-1.jpg\" class=\"attachment-medium_large size-medium_large wp-image-28341\" alt=\"\" \/>\t\t\t\t\t\t\t\t\t\t\t\t\t\t\t<\/div>\n\t\t\t\t<\/div>\n\t\t\t\t<div class=\"elementor-element elementor-element-a3d9212 elementor-widget elementor-widget-heading\" data-id=\"a3d9212\" data-element_type=\"widget\" data-widget_type=\"heading.default\">\n\t\t\t\t<div class=\"elementor-widget-container\">\n\t\t\t\t\t<h2 class=\"elementor-heading-title elementor-size-default\">Patrick Drenthen\u200b<\/h2>\t\t\t\t<\/div>\n\t\t\t\t<\/div>\n\t\t\t\t\t<\/div>\n\t\t<\/div>\n\t\t\t\t\t<\/div>\n\t\t<\/section>\n\t\t\t\t\t<\/div>\n\t\t<\/div>\n\t\t\t\t\t<\/div>\n\t\t<\/section>\n\t\t\t\t<\/div>\n\t\t","protected":false},"excerpt":{"rendered":"<p>Du bist herzlich willkommen auf der Dutch Pork &#038; Poultry Expo. Messeveranstalter Easyfairs Niederlande ist seit \u00fcber 25 Jahren f\u00fcr ihre Gastfreundschaft bekannt. Selbstverst\u00e4ndlich gilt dies auch f\u00fcr Journalisten. Die Akkreditierung f\u00fcr die Dutch Pork &amp; Poultry Expo kann per E-Mail an pers@easyfairs.com beantragt werden. Die Akkreditierung muss sp\u00e4testens 24 Stunden vor der Veranstaltung beantragt [&hellip;]<\/p>\n","protected":false},"author":36,"featured_media":0,"parent":0,"menu_order":0,"comment_status":"closed","ping_status":"closed","template":"","meta":{"_seopress_robots_primary_cat":"","_seopress_titles_title":"","_seopress_titles_desc":"","_seopress_robots_index":"","footnotes":""},"class_list":["post-4459","page","type-page","status-publish","hentry"],"_links":{"self":[{"href":"https:\/\/www.porkpoultryexpo.nl\/de\/wp-json\/wp\/v2\/pages\/4459","targetHints":{"allow":["GET"]}}],"collection":[{"href":"https:\/\/www.porkpoultryexpo.nl\/de\/wp-json\/wp\/v2\/pages"}],"about":[{"href":"https:\/\/www.porkpoultryexpo.nl\/de\/wp-json\/wp\/v2\/types\/page"}],"author":[{"embeddable":true,"href":"https:\/\/www.porkpoultryexpo.nl\/de\/wp-json\/wp\/v2\/users\/36"}],"replies":[{"embeddable":true,"href":"https:\/\/www.porkpoultryexpo.nl\/de\/wp-json\/wp\/v2\/comments?post=4459"}],"version-history":[{"count":3,"href":"https:\/\/www.porkpoultryexpo.nl\/de\/wp-json\/wp\/v2\/pages\/4459\/revisions"}],"predecessor-version":[{"id":48318,"href":"https:\/\/www.porkpoultryexpo.nl\/de\/wp-json\/wp\/v2\/pages\/4459\/revisions\/48318"}],"wp:attachment":[{"href":"https:\/\/www.porkpoultryexpo.nl\/de\/wp-json\/wp\/v2\/media?parent=4459"}],"curies":[{"name":"wp","href":"https:\/\/api.w.org\/{rel}","templated":true}]}}