{"id":48822,"date":"2025-03-06T11:10:49","date_gmt":"2025-03-06T10:10:49","guid":{"rendered":"https:\/\/www.porkpoultryexpo.nl\/besucher-meiner-easyfairs-nl-app\/"},"modified":"2025-03-06T11:10:50","modified_gmt":"2025-03-06T10:10:50","slug":"besucher-meiner-easyfairs-nl-app","status":"publish","type":"page","link":"https:\/\/www.porkpoultryexpo.nl\/de\/besucher-meiner-easyfairs-nl-app\/","title":{"rendered":"Besucher meiner Easyfairs NL-App"},"content":{"rendered":"\t\t<div data-elementor-type=\"wp-page\" data-elementor-id=\"48822\" class=\"elementor elementor-48822 elementor-47089\" data-elementor-post-type=\"page\">\n\t\t\t\t\t\t<section class=\"elementor-section elementor-top-section elementor-element elementor-element-18627088 elementor-section-boxed elementor-section-height-default elementor-section-height-default\" data-id=\"18627088\" data-element_type=\"section\">\n\t\t\t\t\t\t<div class=\"elementor-container elementor-column-gap-default\">\n\t\t\t\t\t<div class=\"elementor-column elementor-col-100 elementor-top-column elementor-element elementor-element-76cd6e9c\" data-id=\"76cd6e9c\" data-element_type=\"column\">\n\t\t\t<div class=\"elementor-widget-wrap elementor-element-populated\">\n\t\t\t\t\t\t<div class=\"elementor-element elementor-element-357b2ca6 elementor-widget elementor-widget-heading\" data-id=\"357b2ca6\" data-element_type=\"widget\" data-widget_type=\"heading.default\">\n\t\t\t\t<div class=\"elementor-widget-container\">\n\t\t\t\t\t<h2 class=\"elementor-heading-title elementor-size-default\">Easyfairs NL App: Optimieren Sie Ihren Messebesuch mit der Event-App!<\/h2>\t\t\t\t<\/div>\n\t\t\t\t<\/div>\n\t\t\t\t<div class=\"elementor-element elementor-element-5dbee3ad elementor-widget elementor-widget-heading\" data-id=\"5dbee3ad\" data-element_type=\"widget\" data-widget_type=\"heading.default\">\n\t\t\t\t<div class=\"elementor-widget-container\">\n\t\t\t\t\t<h4 class=\"elementor-heading-title elementor-size-default\">Lernen Sie unsere neue Event-App kennen, die Ihr Messeerlebnis auf das n\u00e4chste Level hebt!<\/h4>\t\t\t\t<\/div>\n\t\t\t\t<\/div>\n\t\t\t\t<section class=\"elementor-section elementor-inner-section elementor-element elementor-element-614a2a38 elementor-section-boxed elementor-section-height-default elementor-section-height-default\" data-id=\"614a2a38\" data-element_type=\"section\">\n\t\t\t\t\t\t<div class=\"elementor-container elementor-column-gap-default\">\n\t\t\t\t\t<div class=\"elementor-column elementor-col-50 elementor-inner-column elementor-element elementor-element-75d923e6\" data-id=\"75d923e6\" data-element_type=\"column\">\n\t\t\t<div class=\"elementor-widget-wrap elementor-element-populated\">\n\t\t\t\t\t\t<div class=\"elementor-element elementor-element-5c5896f5 elementor-widget elementor-widget-text-editor\" data-id=\"5c5896f5\" data-element_type=\"widget\" data-widget_type=\"text-editor.default\">\n\t\t\t\t<div class=\"elementor-widget-container\">\n\t\t\t\t\t\t\t\t\t<p>\ud83d\ude80 <strong>Beginnen Sie mit der Planung, bevor Sie ankommen!<\/strong><\/p>\n<p>Wir verstehen, dass die Planung Ihres Besuchs auf der Dutch Pork &amp; Poultry Expo von entscheidender Bedeutung ist, um das Beste aus der Messe herauszuholen. Mit unserer App k\u00f6nnen Sie Ihren Messetag bereits vor Beginn bis ins Detail vorbereiten.<\/p>\n<p>\ud83e\udd1d <strong>Erhalten Sie ma\u00dfgeschneiderte Empfehlungen Entdecken und planen<\/strong><\/p>\n<p>Erhalten Sie ma\u00dfgeschneiderte Vorschl\u00e4ge, wen Sie treffen m\u00f6chten. Unsere intelligenten Algorithmen analysieren Ihre Pr\u00e4ferenzen und schlagen die relevantesten Verbindungen vor.<\/p>\n<p>\ud83d\udcc5<strong> Entdecken und planen<\/strong><\/p>\n<p>Verpassen Sie nie wieder eine wichtige Wissenssitzung! Entdecken Sie die verschiedenen Referenten, lesen Sie mehr \u00fcber die Themen und Referenten und f\u00fcgen Sie die f\u00fcr Sie interessanten Sessions direkt in Ihre pers\u00f6nliche Agenda ein. Dar\u00fcber hinaus bietet Ihnen unsere App die M\u00f6glichkeit, die Karte zu konsultieren, damit Sie sich m\u00fchelos zurechtfinden!<\/p>\n\t\t\t\t\t\t\t\t<\/div>\n\t\t\t\t<\/div>\n\t\t\t\t\t<\/div>\n\t\t<\/div>\n\t\t\t\t<div class=\"elementor-column elementor-col-50 elementor-inner-column elementor-element elementor-element-5fa93a11\" data-id=\"5fa93a11\" data-element_type=\"column\">\n\t\t\t<div class=\"elementor-widget-wrap elementor-element-populated\">\n\t\t\t\t\t\t<div class=\"elementor-element elementor-element-2927b1b7 elementor-widget elementor-widget-image\" data-id=\"2927b1b7\" data-element_type=\"widget\" data-widget_type=\"image.default\">\n\t\t\t\t<div class=\"elementor-widget-container\">\n\t\t\t\t\t\t\t\t\t\t\t\t\t\t\t<img fetchpriority=\"high\" decoding=\"async\" width=\"768\" height=\"512\" src=\"https:\/\/easyfairsassets.com\/sites\/289\/2025\/02\/Seijbel-Photography-2326-768x512.jpg\" class=\"attachment-medium_large size-medium_large wp-image-47086\" alt=\"\" srcset=\"https:\/\/easyfairsassets.com\/sites\/289\/2025\/02\/Seijbel-Photography-2326-768x512.jpg 768w, https:\/\/easyfairsassets.com\/sites\/289\/2025\/02\/Seijbel-Photography-2326-300x200.jpg 300w, https:\/\/easyfairsassets.com\/sites\/289\/2025\/02\/Seijbel-Photography-2326-1024x683.jpg 1024w, https:\/\/easyfairsassets.com\/sites\/289\/2025\/02\/Seijbel-Photography-2326-1536x1025.jpg 1536w, https:\/\/easyfairsassets.com\/sites\/289\/2025\/02\/Seijbel-Photography-2326.jpg 1920w\" sizes=\"(max-width: 768px) 100vw, 768px\" \/>\t\t\t\t\t\t\t\t\t\t\t\t\t\t\t<\/div>\n\t\t\t\t<\/div>\n\t\t\t\t\t<\/div>\n\t\t<\/div>\n\t\t\t\t\t<\/div>\n\t\t<\/section>\n\t\t\t\t\t<\/div>\n\t\t<\/div>\n\t\t\t\t\t<\/div>\n\t\t<\/section>\n\t\t\t\t<section class=\"elementor-section elementor-top-section elementor-element elementor-element-44861e8e elementor-section-boxed elementor-section-height-default elementor-section-height-default\" data-id=\"44861e8e\" data-element_type=\"section\" data-settings=\"{&quot;background_background&quot;:&quot;gradient&quot;}\">\n\t\t\t\t\t\t<div class=\"elementor-container elementor-column-gap-default\">\n\t\t\t\t\t<div class=\"elementor-column elementor-col-33 elementor-top-column elementor-element elementor-element-243c9e95\" data-id=\"243c9e95\" data-element_type=\"column\" data-settings=\"{&quot;background_background&quot;:&quot;classic&quot;}\">\n\t\t\t<div class=\"elementor-widget-wrap elementor-element-populated\">\n\t\t\t\t\t\t<div class=\"elementor-element elementor-element-7feb3386 elementor-widget elementor-widget-heading\" data-id=\"7feb3386\" data-element_type=\"widget\" data-widget_type=\"heading.default\">\n\t\t\t\t<div class=\"elementor-widget-container\">\n\t\t\t\t\t<h3 class=\"elementor-heading-title elementor-size-default\">Vorteile der Easyfairs NL-App<\/h3>\t\t\t\t<\/div>\n\t\t\t\t<\/div>\n\t\t\t\t<div class=\"elementor-element elementor-element-52fb54d1 elementor-widget elementor-widget-text-editor\" data-id=\"52fb54d1\" data-element_type=\"widget\" data-widget_type=\"text-editor.default\">\n\t\t\t\t<div class=\"elementor-widget-container\">\n\t\t\t\t\t\t\t\t\t<ol>\n<li><strong>Effizientes Networking:<\/strong> Finden Sie schnell und einfach die Fachkr\u00e4fte und Experten, die Sie suchen, und vereinbaren Sie Ihre Termine effizient.<\/li>\n<li><strong>Personalisierte Erfahrung:<\/strong> Erhalten Sie Empfehlungen, die auf Ihre Interessen und Gesch\u00e4ftsanforderungen zugeschnitten sind.<\/li>\n<li><strong>Bleiben Sie organisiert:<\/strong> Bewahren Sie Ihre Planungen, Termine und Wissenssitzungen, die Sie nicht verpassen m\u00f6chten, an einem Ort auf.<\/li>\n<li><strong>Haben Sie die Karte immer zur Hand:<\/strong> Ob Sie einen bestimmten Aussteller, das Wissenstheater oder einen Treffpunkt suchen, die digitale Karte weist Ihnen stets den Weg.<\/li>\n<li><strong>Immer auf dem neuesten Stand:<\/strong> Erhalten Sie Echtzeit-Updates und Benachrichtigungen \u00fcber die Dutch Pork &amp; Poultry Expo.<\/li>\n<\/ol>\n\t\t\t\t\t\t\t\t<\/div>\n\t\t\t\t<\/div>\n\t\t\t\t\t<\/div>\n\t\t<\/div>\n\t\t\t\t<div class=\"elementor-column elementor-col-33 elementor-top-column elementor-element elementor-element-fbd868f\" data-id=\"fbd868f\" data-element_type=\"column\">\n\t\t\t<div class=\"elementor-widget-wrap\">\n\t\t\t\t\t\t\t<\/div>\n\t\t<\/div>\n\t\t\t\t<div class=\"elementor-column elementor-col-33 elementor-top-column elementor-element elementor-element-42c823e0\" data-id=\"42c823e0\" data-element_type=\"column\" data-settings=\"{&quot;background_background&quot;:&quot;classic&quot;}\">\n\t\t\t<div class=\"elementor-widget-wrap elementor-element-populated\">\n\t\t\t\t\t\t<div class=\"elementor-element elementor-element-2acc6e27 elementor-widget elementor-widget-heading\" data-id=\"2acc6e27\" data-element_type=\"widget\" data-widget_type=\"heading.default\">\n\t\t\t\t<div class=\"elementor-widget-container\">\n\t\t\t\t\t<h3 class=\"elementor-heading-title elementor-size-default\">Wie funktioniert es?<\/h3>\t\t\t\t<\/div>\n\t\t\t\t<\/div>\n\t\t\t\t<div class=\"elementor-element elementor-element-3fd9c49e elementor-widget elementor-widget-text-editor\" data-id=\"3fd9c49e\" data-element_type=\"widget\" data-widget_type=\"text-editor.default\">\n\t\t\t\t<div class=\"elementor-widget-container\">\n\t\t\t\t\t\t\t\t\t<ul>\n<li><strong>Registrieren Sie sich zun\u00e4chst f\u00fcr die Dutch Pork &amp; Poultry Expo:<\/strong> Nach der Registrierung erhalten Sie eine E-Mail, mit der Sie Ihr Konto in der Easyfairs NL-App erstellen k\u00f6nnen.<\/li>\n<li><strong>Laden Sie die Easyfairs NL-App herunter:<\/strong> Die App ist sowohl f\u00fcr Android als auch f\u00fcr iOS verf\u00fcgbar. Folgen Sie dem Link oder scannen Sie den QR-Code, um die App herunterzuladen.<\/li>\n<li><strong>Richten Sie Ihr Profil ein:<\/strong> Teilen Sie uns Ihre Interessen, Firmendetails und Ihre W\u00fcnsche w\u00e4hrend der Messe mit.<\/li>\n<li><strong>Beginnen Sie mit dem Matching:<\/strong> Erkunden Sie unsere Empfehlungen, vernetzen Sie sich mit anderen Branchenexperten und planen Sie Ihren Besuch.<\/li>\n<li><strong>Genie\u00dfen Sie die Dutch Pork &amp; Poultry Expo:<\/strong> Mit Ihrem Terminplan k\u00f6nnen Sie sich darauf konzentrieren, neue Kontakte zu kn\u00fcpfen und wertvolle Erkenntnisse zu gewinnen!<\/li>\n<\/ul>\n\t\t\t\t\t\t\t\t<\/div>\n\t\t\t\t<\/div>\n\t\t\t\t\t<\/div>\n\t\t<\/div>\n\t\t\t\t\t<\/div>\n\t\t<\/section>\n\t\t\t\t<section class=\"elementor-section elementor-top-section elementor-element elementor-element-1aedfc6e elementor-section-boxed elementor-section-height-default elementor-section-height-default\" data-id=\"1aedfc6e\" data-element_type=\"section\">\n\t\t\t\t\t\t<div class=\"elementor-container elementor-column-gap-default\">\n\t\t\t\t\t<div class=\"elementor-column elementor-col-100 elementor-top-column elementor-element elementor-element-4441fee9\" data-id=\"4441fee9\" data-element_type=\"column\">\n\t\t\t<div class=\"elementor-widget-wrap elementor-element-populated\">\n\t\t\t\t\t\t<div class=\"elementor-element elementor-element-3fcd7000 elementor-widget elementor-widget-heading\" data-id=\"3fcd7000\" data-element_type=\"widget\" data-widget_type=\"heading.default\">\n\t\t\t\t<div class=\"elementor-widget-container\">\n\t\t\t\t\t<h2 class=\"elementor-heading-title elementor-size-default\">Machen Sie das Beste aus Ihrem Besuch!<\/h2>\t\t\t\t<\/div>\n\t\t\t\t<\/div>\n\t\t\t\t<div class=\"elementor-element elementor-element-22a5961b elementor-widget elementor-widget-text-editor\" data-id=\"22a5961b\" data-element_type=\"widget\" data-widget_type=\"text-editor.default\">\n\t\t\t\t<div class=\"elementor-widget-container\">\n\t\t\t\t\t\t\t\t\t<p>Die App geht ca. zwei Wochen vor Veranstaltungsbeginn live. Die Links zum App Store (iOS) und Google Play Store (Android) finden Sie jeweils hier.<\/p>\n\t\t\t\t\t\t\t\t<\/div>\n\t\t\t\t<\/div>\n\t\t\t\t<section class=\"elementor-section elementor-inner-section elementor-element elementor-element-176d1faf elementor-hidden-desktop elementor-hidden-tablet elementor-hidden-mobile elementor-section-boxed elementor-section-height-default elementor-section-height-default\" data-id=\"176d1faf\" data-element_type=\"section\">\n\t\t\t\t\t\t<div class=\"elementor-container elementor-column-gap-default\">\n\t\t\t\t\t<div class=\"elementor-column elementor-col-50 elementor-inner-column elementor-element elementor-element-32036fda\" data-id=\"32036fda\" data-element_type=\"column\">\n\t\t\t<div class=\"elementor-widget-wrap elementor-element-populated\">\n\t\t\t\t\t\t<div class=\"elementor-element elementor-element-456f3934 elementor-widget elementor-widget-image\" data-id=\"456f3934\" data-element_type=\"widget\" data-widget_type=\"image.default\">\n\t\t\t\t<div class=\"elementor-widget-container\">\n\t\t\t\t\t\t\t\t\t\t\t\t\t\t\t<img decoding=\"async\" width=\"233\" height=\"76\" src=\"https:\/\/easyfairsassets.com\/sites\/289\/2025\/02\/MicrosoftTeams-image-5.png\" class=\"attachment-medium size-medium wp-image-47057\" alt=\"\" \/>\t\t\t\t\t\t\t\t\t\t\t\t\t\t\t<\/div>\n\t\t\t\t<\/div>\n\t\t\t\t\t<\/div>\n\t\t<\/div>\n\t\t\t\t<div class=\"elementor-column elementor-col-50 elementor-inner-column elementor-element elementor-element-686cf59f\" data-id=\"686cf59f\" data-element_type=\"column\">\n\t\t\t<div class=\"elementor-widget-wrap elementor-element-populated\">\n\t\t\t\t\t\t<div class=\"elementor-element elementor-element-388e3837 elementor-widget elementor-widget-image\" data-id=\"388e3837\" data-element_type=\"widget\" data-widget_type=\"image.default\">\n\t\t\t\t<div class=\"elementor-widget-container\">\n\t\t\t\t\t\t\t\t\t\t\t\t\t\t\t<img decoding=\"async\" width=\"223\" height=\"73\" src=\"https:\/\/easyfairsassets.com\/sites\/289\/2025\/02\/MicrosoftTeams-image-6.png\" class=\"attachment-medium size-medium wp-image-47060\" alt=\"\" \/>\t\t\t\t\t\t\t\t\t\t\t\t\t\t\t<\/div>\n\t\t\t\t<\/div>\n\t\t\t\t\t<\/div>\n\t\t<\/div>\n\t\t\t\t\t<\/div>\n\t\t<\/section>\n\t\t\t\t\t<\/div>\n\t\t<\/div>\n\t\t\t\t\t<\/div>\n\t\t<\/section>\n\t\t\t\t<section class=\"elementor-section elementor-top-section elementor-element elementor-element-7b438ba8 elementor-section-boxed elementor-section-height-default elementor-section-height-default\" data-id=\"7b438ba8\" data-element_type=\"section\">\n\t\t\t\t\t\t<div class=\"elementor-container elementor-column-gap-default\">\n\t\t\t\t\t<div class=\"elementor-column elementor-col-100 elementor-top-column elementor-element elementor-element-15dc8ba5\" data-id=\"15dc8ba5\" data-element_type=\"column\">\n\t\t\t<div class=\"elementor-widget-wrap elementor-element-populated\">\n\t\t\t\t\t\t<div class=\"elementor-element elementor-element-d65e26f elementor-widget elementor-widget-heading\" data-id=\"d65e26f\" data-element_type=\"widget\" data-widget_type=\"heading.default\">\n\t\t\t\t<div class=\"elementor-widget-container\">\n\t\t\t\t\t<h2 class=\"elementor-heading-title elementor-size-default\">FAQ<\/h2>\t\t\t\t<\/div>\n\t\t\t\t<\/div>\n\t\t\t\t<div class=\"elementor-element elementor-element-2bd3534b elementor-widget elementor-widget-accordion\" data-id=\"2bd3534b\" data-element_type=\"widget\" data-widget_type=\"accordion.default\">\n\t\t\t\t<div class=\"elementor-widget-container\">\n\t\t\t\t\t\t\t<div class=\"elementor-accordion\">\n\t\t\t\t\t\t\t<div class=\"elementor-accordion-item\">\n\t\t\t\t\t<div id=\"elementor-tab-title-7351\" class=\"elementor-tab-title\" data-tab=\"1\" role=\"button\" aria-controls=\"elementor-tab-content-7351\" aria-expanded=\"false\">\n\t\t\t\t\t\t\t\t\t\t\t\t\t<span class=\"elementor-accordion-icon elementor-accordion-icon-left\" aria-hidden=\"true\">\n\t\t\t\t\t\t\t\t\t\t\t\t\t\t\t<span class=\"elementor-accordion-icon-closed\"><i class=\"fas fa-plus\"><\/i><\/span>\n\t\t\t\t\t\t\t\t<span class=\"elementor-accordion-icon-opened\"><i class=\"fas fa-minus\"><\/i><\/span>\n\t\t\t\t\t\t\t\t\t\t\t\t\t\t<\/span>\n\t\t\t\t\t\t\t\t\t\t\t\t<a class=\"elementor-accordion-title\" tabindex=\"0\">Was ist die Easyfairs NL-App?<\/a>\n\t\t\t\t\t<\/div>\n\t\t\t\t\t<div id=\"elementor-tab-content-7351\" class=\"elementor-tab-content elementor-clearfix\" data-tab=\"1\" role=\"region\" aria-labelledby=\"elementor-tab-title-7351\"><p>Besucher, Redner und Aussteller k\u00f6nnen sich bei der Easyfairs NL-App anmelden, wo sie die neuesten Nachrichten von der Veranstaltung verfolgen und mit anderen Besuchern, Ausstellern oder Rednern in Kontakt treten k\u00f6nnen. Mit der App k\u00f6nnen sie:<\/p>\n<ul>\n<li>Sehen Sie sich das Wissensprogramm an und planen Sie Sitzungen in ihrer Agenda<\/li>\n<li>Networking mit anderen Besuchern, Ausstellern oder Referenten<\/li>\n<li>Planen Sie w\u00e4hrend der Veranstaltung Termine mit anderen<\/li>\n<li>Sehen Sie sich Informationen zu Referenten und Ausstellern an<\/li>\n<li>Sehen Sie sich die Karte an<\/li>\n<\/ul>\n<\/div>\n\t\t\t\t<\/div>\n\t\t\t\t\t\t\t<div class=\"elementor-accordion-item\">\n\t\t\t\t\t<div id=\"elementor-tab-title-7352\" class=\"elementor-tab-title\" data-tab=\"2\" role=\"button\" aria-controls=\"elementor-tab-content-7352\" aria-expanded=\"false\">\n\t\t\t\t\t\t\t\t\t\t\t\t\t<span class=\"elementor-accordion-icon elementor-accordion-icon-left\" aria-hidden=\"true\">\n\t\t\t\t\t\t\t\t\t\t\t\t\t\t\t<span class=\"elementor-accordion-icon-closed\"><i class=\"fas fa-plus\"><\/i><\/span>\n\t\t\t\t\t\t\t\t<span class=\"elementor-accordion-icon-opened\"><i class=\"fas fa-minus\"><\/i><\/span>\n\t\t\t\t\t\t\t\t\t\t\t\t\t\t<\/span>\n\t\t\t\t\t\t\t\t\t\t\t\t<a class=\"elementor-accordion-title\" tabindex=\"0\">Wie lade ich die App herunter?<\/a>\n\t\t\t\t\t<\/div>\n\t\t\t\t\t<div id=\"elementor-tab-content-7352\" class=\"elementor-tab-content elementor-clearfix\" data-tab=\"2\" role=\"region\" aria-labelledby=\"elementor-tab-title-7352\"><p>Die App kann im App Store (iOS) oder Google Play Store (Android) heruntergeladen werden. Suchen Sie nach Easyfairs NL. Oder klicken Sie in der Willkommens-E-Mail, die Sie erhalten, auf \u201eApp herunterladen\u201c.<\/p>\n<\/div>\n\t\t\t\t<\/div>\n\t\t\t\t\t\t\t<div class=\"elementor-accordion-item\">\n\t\t\t\t\t<div id=\"elementor-tab-title-7353\" class=\"elementor-tab-title\" data-tab=\"3\" role=\"button\" aria-controls=\"elementor-tab-content-7353\" aria-expanded=\"false\">\n\t\t\t\t\t\t\t\t\t\t\t\t\t<span class=\"elementor-accordion-icon elementor-accordion-icon-left\" aria-hidden=\"true\">\n\t\t\t\t\t\t\t\t\t\t\t\t\t\t\t<span class=\"elementor-accordion-icon-closed\"><i class=\"fas fa-plus\"><\/i><\/span>\n\t\t\t\t\t\t\t\t<span class=\"elementor-accordion-icon-opened\"><i class=\"fas fa-minus\"><\/i><\/span>\n\t\t\t\t\t\t\t\t\t\t\t\t\t\t<\/span>\n\t\t\t\t\t\t\t\t\t\t\t\t<a class=\"elementor-accordion-title\" tabindex=\"0\">Wie aktiviere ich mein Konto?<\/a>\n\t\t\t\t\t<\/div>\n\t\t\t\t\t<div id=\"elementor-tab-content-7353\" class=\"elementor-tab-content elementor-clearfix\" data-tab=\"3\" role=\"region\" aria-labelledby=\"elementor-tab-title-7353\"><p>Nach der Anmeldung zur Messe erhalten Sie eine Willkommens-E-Mail zur Aktivierung Ihres Kontos f\u00fcr die Easyfairs NL-App. Geben Sie die E-Mail-Adresse, mit der Sie sich registriert haben, und die Registrierungs-ID\/Badge-ID aus der Willkommens-E-Mail ein. Anschlie\u00dfend erstellen Sie ein Passwort, mit dem Sie sich k\u00fcnftig anmelden k\u00f6nnen.<\/p>\n<\/div>\n\t\t\t\t<\/div>\n\t\t\t\t\t\t\t<div class=\"elementor-accordion-item\">\n\t\t\t\t\t<div id=\"elementor-tab-title-7354\" class=\"elementor-tab-title\" data-tab=\"4\" role=\"button\" aria-controls=\"elementor-tab-content-7354\" aria-expanded=\"false\">\n\t\t\t\t\t\t\t\t\t\t\t\t\t<span class=\"elementor-accordion-icon elementor-accordion-icon-left\" aria-hidden=\"true\">\n\t\t\t\t\t\t\t\t\t\t\t\t\t\t\t<span class=\"elementor-accordion-icon-closed\"><i class=\"fas fa-plus\"><\/i><\/span>\n\t\t\t\t\t\t\t\t<span class=\"elementor-accordion-icon-opened\"><i class=\"fas fa-minus\"><\/i><\/span>\n\t\t\t\t\t\t\t\t\t\t\t\t\t\t<\/span>\n\t\t\t\t\t\t\t\t\t\t\t\t<a class=\"elementor-accordion-title\" tabindex=\"0\">Ich habe keine Willkommens-E-Mail erhalten?<\/a>\n\t\t\t\t\t<\/div>\n\t\t\t\t\t<div id=\"elementor-tab-content-7354\" class=\"elementor-tab-content elementor-clearfix\" data-tab=\"4\" role=\"region\" aria-labelledby=\"elementor-tab-title-7354\"><p>Klicken Sie auf Hilfe? Klicken Sie in der App auf den Button, um mit uns Kontakt aufzunehmen, damit die E-Mail trotzdem versendet werden kann. Oder senden Sie eine E-Mail an Invitation@easyfairs.com.<\/p>\n<\/div>\n\t\t\t\t<\/div>\n\t\t\t\t\t\t\t<div class=\"elementor-accordion-item\">\n\t\t\t\t\t<div id=\"elementor-tab-title-7355\" class=\"elementor-tab-title\" data-tab=\"5\" role=\"button\" aria-controls=\"elementor-tab-content-7355\" aria-expanded=\"false\">\n\t\t\t\t\t\t\t\t\t\t\t\t\t<span class=\"elementor-accordion-icon elementor-accordion-icon-left\" aria-hidden=\"true\">\n\t\t\t\t\t\t\t\t\t\t\t\t\t\t\t<span class=\"elementor-accordion-icon-closed\"><i class=\"fas fa-plus\"><\/i><\/span>\n\t\t\t\t\t\t\t\t<span class=\"elementor-accordion-icon-opened\"><i class=\"fas fa-minus\"><\/i><\/span>\n\t\t\t\t\t\t\t\t\t\t\t\t\t\t<\/span>\n\t\t\t\t\t\t\t\t\t\t\t\t<a class=\"elementor-accordion-title\" tabindex=\"0\">Wie kontaktiere ich einen Aussteller \u00fcber die App?<\/a>\n\t\t\t\t\t<\/div>\n\t\t\t\t\t<div id=\"elementor-tab-content-7355\" class=\"elementor-tab-content elementor-clearfix\" data-tab=\"5\" role=\"region\" aria-labelledby=\"elementor-tab-title-7355\"><p>Alle teilnehmenden Unternehmen finden Sie in der Ausstellerliste. Klicken Sie auf \u201eInteresse zeigen\u201c, um zu zeigen, dass Sie an dem Unternehmen interessiert sind. Wenn der Aussteller Ihr Interesse best\u00e4tigt, k\u00f6nnen Sie miteinander chatten oder einen Termin vereinbaren.<\/p>\n<\/div>\n\t\t\t\t<\/div>\n\t\t\t\t\t\t\t<div class=\"elementor-accordion-item\">\n\t\t\t\t\t<div id=\"elementor-tab-title-7356\" class=\"elementor-tab-title\" data-tab=\"6\" role=\"button\" aria-controls=\"elementor-tab-content-7356\" aria-expanded=\"false\">\n\t\t\t\t\t\t\t\t\t\t\t\t\t<span class=\"elementor-accordion-icon elementor-accordion-icon-left\" aria-hidden=\"true\">\n\t\t\t\t\t\t\t\t\t\t\t\t\t\t\t<span class=\"elementor-accordion-icon-closed\"><i class=\"fas fa-plus\"><\/i><\/span>\n\t\t\t\t\t\t\t\t<span class=\"elementor-accordion-icon-opened\"><i class=\"fas fa-minus\"><\/i><\/span>\n\t\t\t\t\t\t\t\t\t\t\t\t\t\t<\/span>\n\t\t\t\t\t\t\t\t\t\t\t\t<a class=\"elementor-accordion-title\" tabindex=\"0\">Wie verbinde ich mich mit anderen Nutzern der App?<\/a>\n\t\t\t\t\t<\/div>\n\t\t\t\t\t<div id=\"elementor-tab-content-7356\" class=\"elementor-tab-content elementor-clearfix\" data-tab=\"6\" role=\"region\" aria-labelledby=\"elementor-tab-title-7356\"><p>Unter \u201eApp-Benutzer\u201c sehen Sie alle Benutzer der App. Wenn Sie beispielsweise mit einem anderen Messebesucher Kontakt aufnehmen m\u00f6chten, suchen Sie diese Person und klicken Sie auf \u201eInteresse zeigen\u201c, um Ihr Interesse zu bekunden.<\/p>\n<\/div>\n\t\t\t\t<\/div>\n\t\t\t\t\t\t\t<div class=\"elementor-accordion-item\">\n\t\t\t\t\t<div id=\"elementor-tab-title-7357\" class=\"elementor-tab-title\" data-tab=\"7\" role=\"button\" aria-controls=\"elementor-tab-content-7357\" aria-expanded=\"false\">\n\t\t\t\t\t\t\t\t\t\t\t\t\t<span class=\"elementor-accordion-icon elementor-accordion-icon-left\" aria-hidden=\"true\">\n\t\t\t\t\t\t\t\t\t\t\t\t\t\t\t<span class=\"elementor-accordion-icon-closed\"><i class=\"fas fa-plus\"><\/i><\/span>\n\t\t\t\t\t\t\t\t<span class=\"elementor-accordion-icon-opened\"><i class=\"fas fa-minus\"><\/i><\/span>\n\t\t\t\t\t\t\t\t\t\t\t\t\t\t<\/span>\n\t\t\t\t\t\t\t\t\t\t\t\t<a class=\"elementor-accordion-title\" tabindex=\"0\">Wie plane ich eine Wissenssitzung in meiner Agenda \u00fcber die App?<\/a>\n\t\t\t\t\t<\/div>\n\t\t\t\t\t<div id=\"elementor-tab-content-7357\" class=\"elementor-tab-content elementor-clearfix\" data-tab=\"7\" role=\"region\" aria-labelledby=\"elementor-tab-title-7357\"><p>Das gesamte Programm ist in der App unter der Programm\u00fcberschrift sichtbar. Wenn Sie an einer Sitzung teilnehmen m\u00f6chten, k\u00f6nnen Sie diese zur Tagesordnung hinzuf\u00fcgen, indem Sie f\u00fcr die Sitzung auf die Schaltfl\u00e4che \u201eZur Tagesordnung hinzuf\u00fcgen\u201c klicken.<\/p>\n<\/div>\n\t\t\t\t<\/div>\n\t\t\t\t\t\t\t<div class=\"elementor-accordion-item\">\n\t\t\t\t\t<div id=\"elementor-tab-title-7358\" class=\"elementor-tab-title\" data-tab=\"8\" role=\"button\" aria-controls=\"elementor-tab-content-7358\" aria-expanded=\"false\">\n\t\t\t\t\t\t\t\t\t\t\t\t\t<span class=\"elementor-accordion-icon elementor-accordion-icon-left\" aria-hidden=\"true\">\n\t\t\t\t\t\t\t\t\t\t\t\t\t\t\t<span class=\"elementor-accordion-icon-closed\"><i class=\"fas fa-plus\"><\/i><\/span>\n\t\t\t\t\t\t\t\t<span class=\"elementor-accordion-icon-opened\"><i class=\"fas fa-minus\"><\/i><\/span>\n\t\t\t\t\t\t\t\t\t\t\t\t\t\t<\/span>\n\t\t\t\t\t\t\t\t\t\t\t\t<a class=\"elementor-accordion-title\" tabindex=\"0\">Wie werden die Empfehlungen ermittelt, die ich erhalte?<\/a>\n\t\t\t\t\t<\/div>\n\t\t\t\t\t<div id=\"elementor-tab-content-7358\" class=\"elementor-tab-content elementor-clearfix\" data-tab=\"8\" role=\"region\" aria-labelledby=\"elementor-tab-title-7358\"><p>Unter \u201eF\u00fcr Sie empfohlen\u201c sehen Sie Empfehlungen, die speziell f\u00fcr Sie angezeigt werden, z. B. Aussteller, Standpersonal, andere Besucher usw. Diese Empfehlungen basieren auf Ihrem Profil und Ihren Interessen. Sie k\u00f6nnen Interesse an den vorgeschlagenen Personen oder Unternehmen zeigen oder diese \u00fcberspringen.<\/p>\n<\/div>\n\t\t\t\t<\/div>\n\t\t\t\t\t\t\t\t<\/div>\n\t\t\t\t\t\t<\/div>\n\t\t\t\t<\/div>\n\t\t\t\t\t<\/div>\n\t\t<\/div>\n\t\t\t\t\t<\/div>\n\t\t<\/section>\n\t\t\t\t<\/div>\n\t\t","protected":false},"excerpt":{"rendered":"<p>Easyfairs NL App: Optimieren Sie Ihren Messebesuch mit der Event-App! Lernen Sie unsere neue Event-App kennen, die Ihr Messeerlebnis auf das n\u00e4chste Level hebt! \ud83d\ude80 Beginnen Sie mit der Planung, bevor Sie ankommen! Wir verstehen, dass die Planung Ihres Besuchs auf der Dutch Pork &amp; Poultry Expo von entscheidender Bedeutung ist, um das Beste aus [&hellip;]<\/p>\n","protected":false},"author":300,"featured_media":0,"parent":0,"menu_order":0,"comment_status":"closed","ping_status":"closed","template":"","meta":{"_seopress_robots_primary_cat":"","_seopress_titles_title":"","_seopress_titles_desc":"","_seopress_robots_index":"","footnotes":""},"class_list":["post-48822","page","type-page","status-publish","hentry"],"_links":{"self":[{"href":"https:\/\/www.porkpoultryexpo.nl\/de\/wp-json\/wp\/v2\/pages\/48822","targetHints":{"allow":["GET"]}}],"collection":[{"href":"https:\/\/www.porkpoultryexpo.nl\/de\/wp-json\/wp\/v2\/pages"}],"about":[{"href":"https:\/\/www.porkpoultryexpo.nl\/de\/wp-json\/wp\/v2\/types\/page"}],"author":[{"embeddable":true,"href":"https:\/\/www.porkpoultryexpo.nl\/de\/wp-json\/wp\/v2\/users\/300"}],"replies":[{"embeddable":true,"href":"https:\/\/www.porkpoultryexpo.nl\/de\/wp-json\/wp\/v2\/comments?post=48822"}],"version-history":[{"count":1,"href":"https:\/\/www.porkpoultryexpo.nl\/de\/wp-json\/wp\/v2\/pages\/48822\/revisions"}],"predecessor-version":[{"id":48823,"href":"https:\/\/www.porkpoultryexpo.nl\/de\/wp-json\/wp\/v2\/pages\/48822\/revisions\/48823"}],"wp:attachment":[{"href":"https:\/\/www.porkpoultryexpo.nl\/de\/wp-json\/wp\/v2\/media?parent=48822"}],"curies":[{"name":"wp","href":"https:\/\/api.w.org\/{rel}","templated":true}]}}